{"id":67,"date":"2019-07-26T02:44:19","date_gmt":"2019-07-26T00:44:19","guid":{"rendered":"https:\/\/www.neznamo.cz\/genealogie\/?page_id=67"},"modified":"2022-11-02T15:56:41","modified_gmt":"2022-11-02T14:56:41","slug":"odkazy","status":"publish","type":"page","link":"https:\/\/www.neznamo.cz\/genealogie\/odkazy\/","title":{"rendered":"Odkazy"},"content":{"rendered":"<p>Datum a&nbsp;\u010das aktualizace u&nbsp;odkaz\u016f informuj\u00ed o&nbsp;tom, kdy jsem odkaz naposledy ru\u010dn\u011b upravila. Krom\u011b toho spou\u0161t\u00edm ob\u010das automatickou kontrolu v\u0161ech odkaz\u016f, kter\u00e1 se do&nbsp;tohoto \u00fadaje neprom\u00edtne.<\/p>\n<p>Posledn\u00ed revize funk\u010dnosti odkaz\u016f prob\u011bhla 6.&nbsp;2.&nbsp;2021.<\/p>\n<p>Po\u010det odkaz\u016f celkem: 770<\/p>\n<p>&nbsp;<\/p>\n<p><strong>Tro\u0161ka reklamy<\/strong><br \/>\nMo\u017en\u00e1 v\u00e1s zaujme n\u011bkter\u00e1 z&nbsp;knih na\u0161eho <a href=\"https:\/\/www.kosmas.cz\/nakladatelstvi\/5594\/lama\/\" target=\"_blank\" rel=\"noopener\">nakladatelstv\u00ed Lama<\/a>.<br \/>\nNap\u0159\u00edklad: Josef Sv\u00e1tek: <a href=\"https:\/\/www.kosmas.cz\/knihy\/210000\/prazske-povesti-a-legendy\/\" target=\"_blank\" rel=\"noopener\"><strong>Pra\u017esk\u00e9 pov\u011bsti a&nbsp;legendy<\/strong><\/a>, Ign\u00e1t Herrmann: <a href=\"https:\/\/www.kosmas.cz\/knihy\/205034\/otec-kondelik-a-zenich-vejvara\/\" target=\"_blank\" rel=\"noopener\"><strong>Otec Kondel\u00edk a&nbsp;\u017eenich Vejvara<\/strong><\/a> a&nbsp;pokra\u010dov\u00e1n\u00ed <a href=\"https:\/\/www.kosmas.cz\/knihy\/212334\/tchan-kondelik-a-zet-vejvara\/\" target=\"_blank\" rel=\"noopener\"><strong>Tch\u00e1n Kondel\u00edk a&nbsp;ze\u0165 Vejvara<\/strong><\/a>, Vojt\u011bch Rakous: v\u00fdbory z&nbsp;pov\u00eddek <a href=\"https:\/\/www.kosmas.cz\/knihy\/192595\/doma\/\" target=\"_blank\" rel=\"noopener\"><strong>Doma<\/strong><\/a>, <a href=\"https:\/\/www.kosmas.cz\/knihy\/208026\/doma-i-jinde\/\" target=\"_blank\" rel=\"noopener\"><strong>Doma i&nbsp;jinde<\/strong><\/a> a&nbsp;<a href=\"https:\/\/www.kosmas.cz\/knihy\/203887\/modche-a-rezi\/\" target=\"_blank\" rel=\"noopener\"><strong>Modche a&nbsp;R\u00e9zi<\/strong><\/a>, Popelka Bili\u00e1nov\u00e1: <a href=\"https:\/\/www.kosmas.cz\/knihy\/207224\/pani-katynka-z-vajecneho-trhu\/\" target=\"_blank\" rel=\"noopener\"><strong>Pan\u00ed Katynka z&nbsp;Vaje\u010dn\u00e9ho trhu<\/strong><\/a> a&nbsp;<a href=\"https:\/\/www.kosmas.cz\/nakladatelstvi\/5594\/lama\/\" rel=\"noopener\" target=\"_blank\">dal\u0161\u00ed&#8230;<\/a><\/p>\n<p>&nbsp;<\/p>\n<div><\/div>\n<p>&nbsp;<\/p>\n<form method=\"get\" id=\"llsearch\" action=\"https:\/\/www.neznamo.cz\/genealogie\/odkazy-hledani\/\">\n<div>\n<input type='text' onfocus=\"this.value=''\" value='Vyhledat...' name='searchll' id='searchll' \/><input type='submit' id='searchbutton' value='Hled\u00e1n\u00ed' \/><\/div>\n<\/form>\n\n<script type='text\/javascript'>\njQuery(document).ready(function () {\n\tjQuery('#searchbutton').click(function () {\n\t\tif (jQuery('#searchll').val() == 'Vyhledat...') {\n\t\t\treturn false;\n\t\t}\n\t\telse {\n\t\t\tjQuery('#llsearch').submit();\n\t\t}\n\t});\n\tjQuery('#resetbutton').click(function () {\n\t\twindow.location.href = 'https:\/\/www.neznamo.cz\/genealogie\/odkazy-hledani\/';\n\t\treturn false;\n\t});\n});\n<\/script>\n<p>&nbsp;<\/p>\n<p>&nbsp;<\/p>\n<p>Nen\u00ed-li zde n\u011bjak\u00fd odkaz, lze jej snadno p\u0159idat.<br \/>\n\u00dadaje o&nbsp;v\u00e1s nebo o&nbsp;va\u0161em za\u0159\u00edzen\u00ed se do&nbsp;odeslan\u00e9ho n\u00e1vrhu nep\u0159ipoj\u00ed pokud n\u011bco osobn\u00edho (nap\u0159.&nbsp;emailovou adresu \u010di&nbsp;jm\u00e9no) nenap\u00ed\u0161ete do&nbsp;koment\u00e1\u0159e.<br \/>\nD\u011bkuji za&nbsp;tipy. <\/p>\n<p>&nbsp;<\/p>\n<form enctype=\"multipart\/form-data\" method=\"post\" id=\"lladdlink\" action=\"\"><input type=\"hidden\" name=\"MAX_FILE_SIZE\" value=\"268435456\" \/><input type=\"hidden\" id=\"_wpnonce\" name=\"_wpnonce\" value=\"03662a1ac3\" \/><input type=\"hidden\" name=\"_wp_http_referer\" value=\"\/genealogie\/wp-json\/wp\/v2\/pages\/67\" \/><input type=\"hidden\" name=\"thankyouurl\" value=\"\" \/><input type=\"hidden\" name=\"link_library_user_link_submission\" value=\"1\" \/><input type=\"hidden\" name=\"settingsid\" value=\"1\" \/><input type=\"hidden\" name=\"xpath\" value=\"\" \/><div class='lladdlink'>\n<div id=\"lladdlinktitle\">Navrhnout nov\u00fd odkaz<\/div>\n<table>\n<tr><th><label for=\"link_name\">N\u00e1zev odkazu<\/label><\/th><td class=\"lltooltip\" title=\"Tento \u00fadaj je nutn\u00e9 vyplnit.\"><input data-validation=\"required length\" data-validation-length=\"max1024\" data-validation-error-msg-required=\"Vy\u017eadovan\u00e1 polo\u017eka\" type=\"text\" name=\"link_name\" id=\"link_name\" value=\"\" \/><\/td><\/tr>\n<tr><th><label for=\"link_url\">Adresa str\u00e1nky<\/label><\/th><td class=\"lltooltip\" title=\"Mus\u00ed b\u00fdt zadan\u00e1 adresa str\u00e1nky, kter\u00e1 za\u010d\u00edn\u00e1 http:\/\/ nebo https:\/\/\"><input data-validation=\"required url length\" data-validation-length=\"max1024\" data-validation-error-msg-required=\"Vy\u017eadovan\u00e1 polo\u017eka, URL\" type=\"text\" name=\"link_url\" id=\"link_url\" value=\"https:\/\/\" \/><\/td><\/tr>\n<input type=\"hidden\" name=\"link_category[]\" id=\"link_category\" value=\"4\"><tr><th><label for=\"link_description\">Navrhovan\u00fd popis<\/label><\/th><td ><input data-validation=\"length\" data-validation-length=\"max1024\" data-validation-error-msg-required=\"Required field, 1-1024 chars\"  type=\"text\" name=\"link_description\" id=\"link_description\" value=\"\" \/><\/td><\/tr>\n<tr><th style=\"vertical-align: top;\"><label for=\"ll_submittercomment\">Lze p\u0159idat i koment\u00e1\u0159<\/label><\/th><td ><textarea name=\"ll_submittercomment\" id=\"ll_submittercomment\" cols=\"38\"><\/textarea><\/td><\/tr>\n<tr><td><\/td><td><span id=\"captchaimage\"><img decoding=\"async\" src=\"https:\/\/www.neznamo.cz\/genealogie\/wp-content\/plugins\/link-library\/captcha\/easycaptcha.php\" \/><\/span><\/td><\/tr>\n<tr><th>P\u0159epi\u0161te k\u00f3d z obr\u00e1zku<\/th><td><input type='text' name='confirm_code' \/><\/td><\/tr>\n<tr><th style=\"vertical-align: top;\"><label for=\"ll_customcaptchaanswer\">Je vrouc\u00ed voda studen\u00e1 nebo hork\u00e1?<\/label><\/th><td><input data-validation=\"required\" data-validation-error-msg-required=\"Vy\u017eadovan\u00e1 polo\u017eka\" type=\"text\" name=\"ll_customcaptchaanswer\" id=\"ll_customcaptchaanswer\" value=\"\" \/><\/td><\/tr>\n<\/table>\n<span style=\"border:0;\" class=\"LLUserLinkSubmit\"><input type=\"submit\" name=\"submit\" value=\"Odeslat\" \/><\/span><\/div>\n<\/form>\n\n<script type='text\/javascript'>\n\tjQuery( document ).ready( function() {\njQuery('.lltooltip').each(function () {\n\tjQuery(this).tipTip();\n});\n\tvar LinkLibraryValidationLanguage = {\n\t\terrorTitle: 'Form submission failed!',\n\t\trequiredFields: 'You have not answered all required fields',\n\t\tbadTime: 'You have not given a correct time',\n\t\tbadEmail: 'You have not given a correct e-mail address',\n\t\tbadTelephone: 'You have not given a correct phone number',\n\t\tbadSecurityAnswer: 'You have not given a correct answer to the security question',\n\t\tbadDate: 'You have not given a correct date',\n\t\tlengthBadStart: 'The input value must be between ',\n\t\tlengthBadEnd: 'characters',\n\t\tlengthTooLongStart: 'The input value is longer than ',\n\t\tlengthTooShortStart: 'The input value is shorter than ',\n\t\tnotConfirmed: 'Input values could not be confirmed',\n\t\tbadDomain: 'Incorrect domain value',\n\t\tbadUrl: 'Mus\u00ed b\u00fdt zadan\u00e1 adresa str\u00e1nky, kter\u00e1 za\u010d\u00edn\u00e1 http:\/\/ nebo https:\/\/',\n\t\tbadCustomVal: 'The input value is incorrect',\n\t\tandSpaces: ' and spaces ',\n\t\tbadInt: 'The input value was not a correct number',\n\t\tbadSecurityNumber: 'Your social security number was incorrect',\n\t\tbadUKVatAnswer: 'Incorrect UK VAT Number',\n\t\tbadStrength: 'The password is not strong enough',\n\t\tbadNumberOfSelectedOptionsStart: 'You have to choose at least ',\n\t\tbadNumberOfSelectedOptionsEnd: ' answers',\n\t\tbadAlphaNumeric: 'The input value can only contain alphanumeric characters ',\n\t\tbadAlphaNumericExtra: ' and ',\n\t\twrongFileSize: 'The file you are trying to upload is too large (max %s)',\n\t\twrongFileType: 'Only files of type %s is allowed',\n\t\tgroupCheckedRangeStart: 'Please choose between ',\n\t\tgroupCheckedTooFewStart: 'Please choose at least ',\n\t\tgroupCheckedTooManyStart: 'Please choose a maximum of ',\n\t\tgroupCheckedEnd: ' item(s)',\n\t\tbadCreditCard: 'The credit card number is not correct',\n\t\tbadCVV: 'The CVV number was not correct',\n\t\twrongFileDim : 'Incorrect image dimensions,',\n\t\timageTooTall : 'the image can not be taller than',\n\t\timageTooWide : 'the image can not be wider than',\n\t\timageTooSmall : 'the image was too small',\n\t\tmin : 'min',\n\t\tmax : 'max',\n\t\timageRatioNotAccepted : 'Image ratio is not accepted'\n\t};\n\t\tjQuery.validate({\n\t\t\tmodules : 'location, date, security, file',\n\t\t\tlanguage : LinkLibraryValidationLanguage,\n\t\t});\n\t\tjQuery('#link_category').change(function() {\n\t\tvar cat_data = jQuery('#link_category').val();\n\t\t\tif ( Array.isArray( cat_data ) ) {\n\t\t\t\tif ( cat_data.indexOf('new') != -1 ) {\n\t\t\t\t\tjQuery('.customcatrow').show();\n\t\t\t\t} else {\n\t\t\t\t\tjQuery('.customcatrow').hide();\n\t\t\t\t};\n\t\t\t} else {\n\t\t\t\tif ( jQuery('#link_category').val() == 'new' ) {\n\t\t\t\t\tjQuery('.customcatrow').show();\n\t\t\t\t} else {\n\t\t\t\t\tjQuery('.customcatrow').hide();\n\t\t\t\t};\n\t\t\t};\n\t\t});\n\t\tjQuery('#link_tags').change(function() {\n\t\tvar tag_data = jQuery('#link_tags').val();\n\t\t\tif ( Array.isArray( tag_data ) ) {\n\t\t\t\tif ( tag_data.indexOf('new') != -1 ) {\n\t\t\t\t\tjQuery('.customtagrow').show();\n\t\t\t\t} else {\n\t\t\t\t\tjQuery('.customtagrow').hide();\n\t\t\t\t};\n\t\t\t};\n\t\t});\n\t});\n<\/script>\n\n<p>&nbsp;<\/p>\n<h2>Struktura odkaz\u016f<\/h2>\n<p>Pro jistotu sem d\u00e1v\u00e1m strukturu kategori\u00ed odkaz\u016f (m\u00e1te-li v&nbsp;mobilu pot\u00ed\u017ee zobrazit spr\u00e1vnou kategorii z&nbsp;horn\u00edho menu):<\/p>\n<ul>\n<li><a href=\"https:\/\/www.neznamo.cz\/genealogie\/odkazy-archivy-cr\/\">Archivy \u010cR<\/a>\n<ul>\n<li><a href=\"https:\/\/www.neznamo.cz\/genealogie\/odkazy-archivy-polsko\/\">Archivy Polsko<\/a><\/li>\n<li><a href=\"https:\/\/www.neznamo.cz\/genealogie\/odkazy-archivy-sr\/\">Archivy SR<\/a><\/li>\n<li><a href=\"https:\/\/www.neznamo.cz\/genealogie\/odkazy-archivy-zahranici\/\">Archivy zahrani\u010d\u00ed<\/a><\/li>\n<\/ul>\n<\/li>\n<li><a href=\"https:\/\/www.neznamo.cz\/genealogie\/odkazy-zakladni-weby\/\">Z\u00e1kladn\u00ed weby<\/a>\n<ul>\n<li><a href=\"https:\/\/www.neznamo.cz\/genealogie\/odkazy-zakladni-weby-polsko\/\">Z\u00e1kladn\u00ed weby Polsko<\/a><\/li>\n<li><a href=\"https:\/\/www.neznamo.cz\/genealogie\/odkazy-zakladni-weby-slovensko\/\">Z\u00e1kladn\u00ed weby Slovensko<\/a><\/li>\n<li><a href=\"https:\/\/www.neznamo.cz\/genealogie\/odkazy-zakladni-weby-zahranici\/\">Z\u00e1kladn\u00ed weby zahrani\u010d\u00ed<\/a><\/li>\n<\/ul>\n<\/li>\n<li><a href=\"https:\/\/www.neznamo.cz\/genealogie\/odkazy-databaze\/\">Datab\u00e1ze<\/a>\n<ul>\n<li><a href=\"https:\/\/www.neznamo.cz\/genealogie\/odkazy-databaze-polsko\/\">Datab\u00e1ze Polsko<\/a><\/li>\n<\/ul>\n<\/li>\n<li><a href=\"https:\/\/www.neznamo.cz\/genealogie\/odkazy-historie-cr\/\">Historie \u010cR<\/a>\n<ul>\n<li><a href=\"https:\/\/www.neznamo.cz\/genealogie\/odkazy-historie-polsko\/\">Historie Polsko<\/a><\/li>\n<li><a href=\"https:\/\/www.neznamo.cz\/genealogie\/odkazy-historie-sr\/\">Historie SR<\/a><\/li>\n<li><a href=\"https:\/\/www.neznamo.cz\/genealogie\/odkazy-historie-zahranici\/\">Historie zahrani\u010d\u00ed<\/a><\/li>\n<\/ul>\n<\/li>\n<li><a href=\"https:\/\/www.neznamo.cz\/genealogie\/odkazy-hodi-se\/\">Hod\u00ed se<\/a>\n<ul>\n<li><a href=\"https:\/\/www.neznamo.cz\/genealogie\/odkazy-navody-a-kurzy\/\">N\u00e1vody a&nbsp;kurzy<\/a><\/li>\n<li><a href=\"https:\/\/www.neznamo.cz\/genealogie\/odkazy-vzory-a-programy\/\">Vzory a&nbsp;programy<\/a><\/li>\n<li><a href=\"https:\/\/www.neznamo.cz\/genealogie\/odkazy-genealogicke-sluzby\/\">Genealogick\u00e9 slu\u017eby<\/a><\/li>\n<\/ul>\n<\/li>\n<li><a href=\"https:\/\/www.neznamo.cz\/genealogie\/odkazy-knihovny\/\">Knihovny<\/a>\n<ul>\n<li><a href=\"https:\/\/www.neznamo.cz\/genealogie\/odkazy-knihy-a-casopisy\/\">Knihy a&nbsp;\u010dasopisy<\/a><\/li>\n<\/ul>\n<\/li>\n<li><a href=\"https:\/\/www.neznamo.cz\/genealogie\/odkazy-mapy-a-katastry\/\">Mapy a&nbsp;katastry<\/a><\/li>\n<li><a href=\"https:\/\/www.neznamo.cz\/genealogie\/odkazy-migrace-obyvatelstva\/\">Migrace obyvatelstva<\/a><\/li>\n<li><a href=\"https:\/\/www.neznamo.cz\/genealogie\/odkazy-mistopis-cr\/\">M\u00edstopis \u010cR<\/a>\n<ul>\n<li><a href=\"https:\/\/www.neznamo.cz\/genealogie\/odkazy-mistopis-polsko\/\">M\u00edstopis Polsko<\/a><\/li>\n<li><a href=\"https:\/\/www.neznamo.cz\/genealogie\/odkazy-mistopis-sr\/\">M\u00edstopis SR<\/a><\/li>\n<li><a href=\"https:\/\/www.neznamo.cz\/genealogie\/odkazy-mistopis-zahranici\/\">M\u00edstopis zahrani\u010d\u00ed<\/a><\/li>\n<\/ul>\n<\/li>\n<li><a href=\"https:\/\/www.neznamo.cz\/genealogie\/odkazy-osobni-weby\/\">Osobn\u00ed weby<\/a><\/li>\n<li><a href=\"https:\/\/www.neznamo.cz\/genealogie\/odkazy-povolani\/\">Povol\u00e1n\u00ed<\/a><\/li>\n<li><a href=\"https:\/\/www.neznamo.cz\/genealogie\/odkazy-slovniky\/\">Slovn\u00edky<\/a><\/li>\n<li><a href=\"https:\/\/www.neznamo.cz\/genealogie\/odkazy-vojenstvi\/\">Vojenstv\u00ed, v\u00e1lky, ob\u011bti v\u00e1lek<\/a><\/li>\n<\/ul>\n","protected":false},"excerpt":{"rendered":"<p>Datum a&nbsp;\u010das aktualizace u&nbsp;odkaz\u016f informuj\u00ed o&nbsp;tom, kdy jsem odkaz naposledy ru\u010dn\u011b upravila. Krom\u011b toho spou\u0161t\u00edm ob\u010das automatickou kontrolu v\u0161ech odkaz\u016f, kter\u00e1 se do&nbsp;tohoto \u00fadaje neprom\u00edtne. Posledn\u00ed revize funk\u010dnosti odkaz\u016f prob\u011bhla 6.&nbsp;2.&nbsp;2021. Po\u010det odkaz\u016f celkem: &nbsp; Tro\u0161ka reklamy Mo\u017en\u00e1 v\u00e1s zaujme n\u011bkter\u00e1 z&nbsp;knih na\u0161eho nakladatelstv\u00ed Lama. Nap\u0159\u00edklad: Josef Sv\u00e1tek: Pra\u017esk\u00e9 pov\u011bsti a&nbsp;legendy, Ign\u00e1t Herrmann: Otec Kondel\u00edk &hellip; <\/p>\n<p class=\"link-more\"><a href=\"https:\/\/www.neznamo.cz\/genealogie\/odkazy\/\" class=\"more-link\">Pokra\u010dovat ve&nbsp;\u010dten\u00ed<span class=\"screen-reader-text\"> &#8222;Odkazy&#8220;<\/span><\/a><\/p>\n","protected":false},"author":1,"featured_media":0,"parent":0,"menu_order":0,"comment_status":"closed","ping_status":"closed","template":"","meta":{"footnotes":""},"class_list":["post-67","page","type-page","status-publish","hentry"],"featured_image_urls_v2":{"full":"","thumbnail":"","medium":"","medium_large":"","large":"","1536x1536":"","2048x2048":"","twentyseventeen-featured-image":"","twentyseventeen-thumbnail-avatar":""},"post_excerpt_stackable_v2":"<p>Datum a&nbsp;\u010das aktualizace u&nbsp;odkaz\u016f informuj\u00ed o&nbsp;tom, kdy jsem odkaz naposledy ru\u010dn\u011b upravila. Krom\u011b toho spou\u0161t\u00edm ob\u010das automatickou kontrolu v\u0161ech odkaz\u016f, kter\u00e1 se do&nbsp;tohoto \u00fadaje neprom\u00edtne. Posledn\u00ed revize funk\u010dnosti odkaz\u016f prob\u011bhla 6.&nbsp;2.&nbsp;2021. Po\u010det odkaz\u016f celkem: 770 &nbsp; Tro\u0161ka reklamy Mo\u017en\u00e1 v\u00e1s zaujme n\u011bkter\u00e1 z&nbsp;knih na\u0161eho nakladatelstv\u00ed Lama. Nap\u0159\u00edklad: Josef Sv\u00e1tek: Pra\u017esk\u00e9 pov\u011bsti a&nbsp;legendy, Ign\u00e1t Herrmann: Otec Kondel\u00edk a&nbsp;\u017eenich Vejvara a&nbsp;pokra\u010dov\u00e1n\u00ed Tch\u00e1n Kondel\u00edk a&nbsp;ze\u0165 Vejvara, Vojt\u011bch Rakous: v\u00fdbory z&nbsp;pov\u00eddek Doma, Doma i&nbsp;jinde a&nbsp;Modche a&nbsp;R\u00e9zi, Popelka Bili\u00e1nov\u00e1: Pan\u00ed Katynka z&nbsp;Vaje\u010dn\u00e9ho trhu a&nbsp;dal\u0161\u00ed&#8230; &nbsp; &nbsp; &nbsp; &nbsp; Nen\u00ed-li zde n\u011bjak\u00fd odkaz, lze jej snadno p\u0159idat. \u00dadaje o&nbsp;v\u00e1s nebo o&nbsp;va\u0161em za\u0159\u00edzen\u00ed se do&nbsp;odeslan\u00e9ho n\u00e1vrhu nep\u0159ipoj\u00ed&hellip;<\/p>\n","category_list_v2":"","author_info_v2":{"name":"Monika","url":"https:\/\/www.neznamo.cz\/genealogie\/author\/monika\/"},"comments_num_v2":"0 comments","_links":{"self":[{"href":"https:\/\/www.neznamo.cz\/genealogie\/wp-json\/wp\/v2\/pages\/67","targetHints":{"allow":["GET"]}}],"collection":[{"href":"https:\/\/www.neznamo.cz\/genealogie\/wp-json\/wp\/v2\/pages"}],"about":[{"href":"https:\/\/www.neznamo.cz\/genealogie\/wp-json\/wp\/v2\/types\/page"}],"author":[{"embeddable":true,"href":"https:\/\/www.neznamo.cz\/genealogie\/wp-json\/wp\/v2\/users\/1"}],"replies":[{"embeddable":true,"href":"https:\/\/www.neznamo.cz\/genealogie\/wp-json\/wp\/v2\/comments?post=67"}],"version-history":[{"count":0,"href":"https:\/\/www.neznamo.cz\/genealogie\/wp-json\/wp\/v2\/pages\/67\/revisions"}],"wp:attachment":[{"href":"https:\/\/www.neznamo.cz\/genealogie\/wp-json\/wp\/v2\/media?parent=67"}],"curies":[{"name":"wp","href":"https:\/\/api.w.org\/{rel}","templated":true}]}}