{"id":29,"date":"2019-07-25T06:16:13","date_gmt":"2019-07-25T04:16:13","guid":{"rendered":"https:\/\/www.neznamo.cz\/genealogie\/?page_id=29"},"modified":"2020-09-11T23:30:00","modified_gmt":"2020-09-11T21:30:00","slug":"kontakt","status":"publish","type":"page","link":"https:\/\/www.neznamo.cz\/genealogie\/kontakt\/","title":{"rendered":"Kontakt"},"content":{"rendered":"<p>Kontaktn\u00ed \u00fadaje neuv\u00e1d\u00edm, proto\u017ee nestoj\u00edm o&nbsp;nevy\u017e\u00e1dan\u00e9 telefon\u00e1ty a&nbsp;maily marketingov\u00fdch spole\u010dnosti.<br \/>\nChcete-li m\u011b kontaktovat, pou\u017eijte, pros\u00edm, tento formul\u00e1\u0159.<br \/>\nD\u011bkuji za&nbsp;pochopen\u00ed.<br \/>\n<em>Monika<\/em><\/p>\n<div class=\"wpforms-container wpforms-container-full\" id=\"wpforms-1695\"><form id=\"wpforms-form-1695\" class=\"wpforms-validate wpforms-form\" data-formid=\"1695\" method=\"post\" enctype=\"multipart\/form-data\" action=\"\/genealogie\/wp-json\/wp\/v2\/pages\/29\" data-token=\"37a495d0ef9b534ca316a4b3fc4fc723\" data-token-time=\"1777590641\"><noscript class=\"wpforms-error-noscript\">Chcete-li vyplnit tento formul\u00e1\u0159, pros\u00edm povolte v prohl\u00ed\u017ee\u010di JavaScript.<\/noscript><div class=\"wpforms-field-container\"><div id=\"wpforms-1695-field_0-container\" class=\"wpforms-field wpforms-field-name\" data-field-id=\"0\"><label class=\"wpforms-field-label\" for=\"wpforms-1695-field_0\">Jm\u00e9no nebo p\u0159ezd\u00edvka<\/label><input type=\"text\" id=\"wpforms-1695-field_0\" class=\"wpforms-field-medium\" name=\"wpforms[fields][0]\" ><div class=\"wpforms-field-description\">Nen\u00ed nutn\u00e9 vypl\u0148ovat.<\/div><\/div><div id=\"wpforms-1695-field_1-container\" class=\"wpforms-field wpforms-field-email\" data-field-id=\"1\"><label class=\"wpforms-field-label\" for=\"wpforms-1695-field_1\">Email <span class=\"wpforms-required-label\">*<\/span><\/label><input type=\"email\" id=\"wpforms-1695-field_1\" class=\"wpforms-field-medium wpforms-field-required\" name=\"wpforms[fields][1]\" spellcheck=\"false\" required><div class=\"wpforms-field-description\">Tato polo\u017eka je nezbytn\u00e1, proto\u017ee bez n\u00ed bych V\u00e1m nemohla odpov\u011bd\u011bt.<\/div><\/div><div id=\"wpforms-1695-field_2-container\" class=\"wpforms-field wpforms-field-textarea\" data-field-id=\"2\"><label class=\"wpforms-field-label\" for=\"wpforms-1695-field_2\">Text zpr\u00e1vy <span class=\"wpforms-required-label\">*<\/span><\/label><textarea id=\"wpforms-1695-field_2\" class=\"wpforms-field-medium wpforms-field-required\" name=\"wpforms[fields][2]\" required><\/textarea><div class=\"wpforms-field-description\">Tato polo\u017eka je nezbytn\u00e1, proto\u017ee bez n\u00ed byste mi vlastn\u011b ani nepsali. \ud83d\ude42 <\/div><\/div><div id=\"wpforms-1695-field_3-container\" class=\"wpforms-field wpforms-field-checkbox\" data-field-id=\"3\"><label class=\"wpforms-field-label\">Souhlas s odesl\u00e1n\u00edm osobn\u00edch \u00fadaj\u016f <span class=\"wpforms-required-label\">*<\/span><\/label><ul id=\"wpforms-1695-field_3\" class=\"wpforms-field-required\"><li class=\"choice-1 depth-1\"><input type=\"checkbox\" id=\"wpforms-1695-field_3_1\" name=\"wpforms[fields][3][]\" value=\"Souhlas\u00edm s odesl\u00e1n\u00edm osobn\u00edch \u00fadaj\u016f uveden\u00fdch v t\u00e9to zpr\u00e1v\u011b.\" required ><label class=\"wpforms-field-label-inline\" for=\"wpforms-1695-field_3_1\">Souhlas\u00edm s odesl\u00e1n\u00edm osobn\u00edch \u00fadaj\u016f uveden\u00fdch v t\u00e9to zpr\u00e1v\u011b.<\/label><\/li><\/ul><div class=\"wpforms-field-description\">Tento formul\u00e1\u0159 pos\u00edl\u00e1 data rovnou na mou emailovou adresu a nikam jinam je neukl\u00e1d\u00e1. Jde tedy o soukromou korespondenci mezi V\u00e1mi a mnou. Ne\u017e mi po\u0161lete tuto zpr\u00e1vu, pros\u00edm, ujist\u011bte se, \u017ee mi vypln\u011bn\u00e9 \u00fadaje pos\u00edl\u00e1te z vlastn\u00ed v\u016fle. To pot\u00e9, pros\u00edm, potvr\u010fte za\u0161krtnut\u00edm souhlasu. Bez toho mi formul\u00e1\u0159 Va\u0161i zpr\u00e1vu neode\u0161le. D\u011bkuji za V\u00e1\u0161 \u010das.<\/div><\/div><\/div><!-- .wpforms-field-container --><input type=\"text\" name=\"h6eYq\" value=\"\" style=\"display: none !important;\" \/><div class=\"wpforms-submit-container\" ><input type=\"hidden\" name=\"wpforms[id]\" value=\"1695\"><input type=\"hidden\" name=\"page_title\" value=\"\"><input type=\"hidden\" name=\"page_url\" value=\"https:\/\/www.neznamo.cz\/genealogie\/wp-json\/wp\/v2\/pages\/29\"><input type=\"hidden\" name=\"url_referer\" value=\"\"><button type=\"submit\" name=\"wpforms[submit]\" id=\"wpforms-submit-1695\" class=\"wpforms-submit\" data-alt-text=\"Odes\u00edl\u00e1m...\" data-submit-text=\"Odeslat\" aria-live=\"assertive\" value=\"wpforms-submit\">Odeslat<\/button><\/div><\/form><\/div>  <!-- .wpforms-container -->\n","protected":false},"excerpt":{"rendered":"<p>Kontaktn\u00ed \u00fadaje neuv\u00e1d\u00edm, proto\u017ee nestoj\u00edm o&nbsp;nevy\u017e\u00e1dan\u00e9 telefon\u00e1ty a&nbsp;maily marketingov\u00fdch spole\u010dnosti. Chcete-li m\u011b kontaktovat, pou\u017eijte, pros\u00edm, tento formul\u00e1\u0159. D\u011bkuji za&nbsp;pochopen\u00ed. Monika<\/p>\n","protected":false},"author":1,"featured_media":0,"parent":0,"menu_order":0,"comment_status":"closed","ping_status":"closed","template":"","meta":{"footnotes":""},"class_list":["post-29","page","type-page","status-publish","hentry"],"featured_image_urls_v2":{"full":"","thumbnail":"","medium":"","medium_large":"","large":"","1536x1536":"","2048x2048":"","twentyseventeen-featured-image":"","twentyseventeen-thumbnail-avatar":""},"post_excerpt_stackable_v2":"<p>Kontaktn\u00ed \u00fadaje neuv\u00e1d\u00edm, proto\u017ee nestoj\u00edm o&nbsp;nevy\u017e\u00e1dan\u00e9 telefon\u00e1ty a&nbsp;maily marketingov\u00fdch spole\u010dnosti. Chcete-li m\u011b kontaktovat, pou\u017eijte, pros\u00edm, tento formul\u00e1\u0159. D\u011bkuji za&nbsp;pochopen\u00ed. Monika Chcete-li vyplnit tento formul\u00e1\u0159, pros\u00edm povolte v&nbsp;prohl\u00ed\u017ee\u010di JavaScript.Jm\u00e9no nebo p\u0159ezd\u00edvkaNen\u00ed nutn\u00e9 vypl\u0148ovat.Email *Tato polo\u017eka je nezbytn\u00e1, proto\u017ee bez n\u00ed bych V\u00e1m nemohla odpov\u011bd\u011bt.Text zpr\u00e1vy *Tato polo\u017eka je nezbytn\u00e1, proto\u017ee bez n\u00ed byste mi vlastn\u011b ani nepsali. \ud83d\ude42 Souhlas s&nbsp;odesl\u00e1n\u00edm osobn\u00edch \u00fadaj\u016f *Souhlas\u00edm s&nbsp;odesl\u00e1n\u00edm osobn\u00edch \u00fadaj\u016f uveden\u00fdch v&nbsp;t\u00e9to zpr\u00e1v\u011b.Tento formul\u00e1\u0159 pos\u00edl\u00e1 data rovnou na&nbsp;mou emailovou adresu a&nbsp;nikam jinam je neukl\u00e1d\u00e1. Jde tedy o&nbsp;soukromou korespondenci mezi V\u00e1mi a&nbsp;mnou. Ne\u017e mi po\u0161lete tuto zpr\u00e1vu, pros\u00edm,&hellip;<\/p>\n","category_list_v2":"","author_info_v2":{"name":"Monika","url":"https:\/\/www.neznamo.cz\/genealogie\/author\/monika\/"},"comments_num_v2":"0 comments","_links":{"self":[{"href":"https:\/\/www.neznamo.cz\/genealogie\/wp-json\/wp\/v2\/pages\/29","targetHints":{"allow":["GET"]}}],"collection":[{"href":"https:\/\/www.neznamo.cz\/genealogie\/wp-json\/wp\/v2\/pages"}],"about":[{"href":"https:\/\/www.neznamo.cz\/genealogie\/wp-json\/wp\/v2\/types\/page"}],"author":[{"embeddable":true,"href":"https:\/\/www.neznamo.cz\/genealogie\/wp-json\/wp\/v2\/users\/1"}],"replies":[{"embeddable":true,"href":"https:\/\/www.neznamo.cz\/genealogie\/wp-json\/wp\/v2\/comments?post=29"}],"version-history":[{"count":0,"href":"https:\/\/www.neznamo.cz\/genealogie\/wp-json\/wp\/v2\/pages\/29\/revisions"}],"wp:attachment":[{"href":"https:\/\/www.neznamo.cz\/genealogie\/wp-json\/wp\/v2\/media?parent=29"}],"curies":[{"name":"wp","href":"https:\/\/api.w.org\/{rel}","templated":true}]}}