{"id":270,"date":"2019-07-28T04:48:18","date_gmt":"2019-07-28T02:48:18","guid":{"rendered":"https:\/\/www.neznamo.cz\/genealogie\/?page_id=270"},"modified":"2019-07-28T04:48:18","modified_gmt":"2019-07-28T02:48:18","slug":"odkazy-genealogicke-sluzby","status":"publish","type":"page","link":"https:\/\/www.neznamo.cz\/genealogie\/odkazy-genealogicke-sluzby\/","title":{"rendered":"Genealogick\u00e9 slu\u017eby"},"content":{"rendered":"<!-- Beginning of Link Library Output --><div id='linklist1' class='linklist'><!-- Div Linklist -->\n<span class=\"nolinkstodisplay\">V t\u00e9to kategorii zat\u00edm nic nen\u00ed.<\/span><script type='text\/javascript'>\njQuery(document).ready(function()\n{\njQuery('.arrow-up').hide();\njQuery('#linklist1 a.track_this_link').click(function() {\nlinkid = this.id;\nlinkid = linkid.substring(5);\npath = '';\njQuery.ajax( {    type: 'POST',    url: 'https:\/\/www.neznamo.cz\/genealogie\/wp-admin\/admin-ajax.php',     data: { action: 'link_library_tracker',             _ajax_nonce: '23a8ececf2',             id:linkid, xpath:path }     });\nreturn true;\n});\njQuery('#linklist1 .expandlinks').click(function() {\ntarget = '.' + jQuery(this).attr('id');\nsubcattarget = '.' + jQuery(this).attr('data-subcat');\nif ( jQuery( target ).is(':visible') ) {\njQuery(target).slideUp();\njQuery(subcattarget).slideToggle();\njQuery(this).children('img').attr('src', 'https:\/\/www.neznamo.cz\/genealogie\/wp-content\/plugins\/link-library\/icons\/expand-32.png');\n} else {\njQuery(target).slideDown();\njQuery(subcattarget).slideToggle();\njQuery(this).children('img').attr('src', 'https:\/\/www.neznamo.cz\/genealogie\/wp-content\/plugins\/link-library\/icons\/collapse-32.png');\n}\n});\njQuery('#linklist1 .linklistcatclass').click(function() {\njQuery(this).siblings('.expandlinks').click();\n});\njQuery('#linklist1 .linklistcatnamedesc').click(function() {\njQuery(this).siblings('.expandlinks').click();\n});\n});\n<\/script>\n<\/div><!-- Div Linklist -->\n<!-- End of Link Library Output -->\n\n\n","protected":false},"excerpt":{"rendered":"","protected":false},"author":1,"featured_media":0,"parent":0,"menu_order":0,"comment_status":"closed","ping_status":"closed","template":"","meta":{"footnotes":""},"class_list":["post-270","page","type-page","status-publish","hentry"],"featured_image_urls_v2":{"full":"","thumbnail":"","medium":"","medium_large":"","large":"","1536x1536":"","2048x2048":"","twentyseventeen-featured-image":"","twentyseventeen-thumbnail-avatar":""},"post_excerpt_stackable_v2":"<p>V t\u00e9to kategorii zat\u00edm nic nen\u00ed.<\/p>\n","category_list_v2":"","author_info_v2":{"name":"Monika","url":"https:\/\/www.neznamo.cz\/genealogie\/author\/monika\/"},"comments_num_v2":"0 comments","_links":{"self":[{"href":"https:\/\/www.neznamo.cz\/genealogie\/wp-json\/wp\/v2\/pages\/270","targetHints":{"allow":["GET"]}}],"collection":[{"href":"https:\/\/www.neznamo.cz\/genealogie\/wp-json\/wp\/v2\/pages"}],"about":[{"href":"https:\/\/www.neznamo.cz\/genealogie\/wp-json\/wp\/v2\/types\/page"}],"author":[{"embeddable":true,"href":"https:\/\/www.neznamo.cz\/genealogie\/wp-json\/wp\/v2\/users\/1"}],"replies":[{"embeddable":true,"href":"https:\/\/www.neznamo.cz\/genealogie\/wp-json\/wp\/v2\/comments?post=270"}],"version-history":[{"count":0,"href":"https:\/\/www.neznamo.cz\/genealogie\/wp-json\/wp\/v2\/pages\/270\/revisions"}],"wp:attachment":[{"href":"https:\/\/www.neznamo.cz\/genealogie\/wp-json\/wp\/v2\/media?parent=270"}],"curies":[{"name":"wp","href":"https:\/\/api.w.org\/{rel}","templated":true}]}}