{"id":27,"date":"2019-07-25T06:16:13","date_gmt":"2019-07-25T04:16:13","guid":{"rendered":"https:\/\/www.neznamo.cz\/genealogie\/?page_id=27"},"modified":"2024-02-06T03:49:28","modified_gmt":"2024-02-06T02:49:28","slug":"domu","status":"publish","type":"page","link":"https:\/\/www.neznamo.cz\/genealogie\/","title":{"rendered":"\u00davod"},"content":{"rendered":"<p>Tyto str\u00e1nky mi slou\u017e\u00ed jako pomocn\u00edk p\u0159i&nbsp;hled\u00e1n\u00ed osud\u016f p\u0159edk\u016f. Je pro m\u011b toti\u017e praktick\u00e9 m\u00edt takto snadno dostupn\u00e9 odkazy na&nbsp;str\u00e1nky, kter\u00e9 ne moc \u010dasto vyu\u017e\u00edv\u00e1m, a&nbsp;p\u0159\u00edpadn\u011b i&nbsp;r\u016fzn\u00e9 pozn\u00e1mky a&nbsp;praktick\u00e9 informace. To, samoz\u0159ejm\u011b, z\u00e1rove\u0148 znamen\u00e1, \u017ee tyto str\u00e1nky m\u016f\u017ee vid\u011bt a&nbsp;vyu\u017e\u00edvat kdokoli. P\u0159idala jsem proto i&nbsp;z\u00e1kladn\u00ed odkazy, kter\u00e9 pou\u017e\u00edv\u00e1m t\u00e9m\u011b\u0159 denn\u011b. Zn\u00e1te-li n\u011bjak\u00e9 praktick\u00e9 str\u00e1nky, kter\u00e9 zde chyb\u00ed, budu r\u00e1da, <a href=\"https:\/\/www.neznamo.cz\/genealogie\/odkazy\/\">po\u0161lete-li mi na&nbsp;n\u011b odkaz<\/a>. D\u011bkuji.<br \/>\n<em>Monika<\/em><\/p>\n<p>&nbsp;<\/p>\n<p><strong>Tro\u0161ka reklamy<\/strong><br \/>\nMo\u017en\u00e1 v\u00e1s zaujme n\u011bkter\u00e1 z&nbsp;knih na\u0161eho <a href=\"https:\/\/www.kosmas.cz\/nakladatelstvi\/5594\/lama\/\" target=\"_blank\" rel=\"noopener\">nakladatelstv\u00ed Lama<\/a>.<br \/>\nNap\u0159\u00edklad: Josef Sv\u00e1tek: <a href=\"https:\/\/www.kosmas.cz\/knihy\/210000\/prazske-povesti-a-legendy\/\" target=\"_blank\" rel=\"noopener\"><strong>Pra\u017esk\u00e9 pov\u011bsti a&nbsp;legendy<\/strong><\/a>, Ign\u00e1t Herrmann: <a href=\"https:\/\/www.kosmas.cz\/knihy\/205034\/otec-kondelik-a-zenich-vejvara\/\" target=\"_blank\" rel=\"noopener\"><strong>Otec Kondel\u00edk a&nbsp;\u017eenich Vejvara<\/strong><\/a> a&nbsp;pokra\u010dov\u00e1n\u00ed <a href=\"https:\/\/www.kosmas.cz\/knihy\/212334\/tchan-kondelik-a-zet-vejvara\/\" target=\"_blank\" rel=\"noopener\"><strong>Tch\u00e1n Kondel\u00edk a&nbsp;ze\u0165 Vejvara<\/strong><\/a>, Vojt\u011bch Rakous: v\u00fdbory z&nbsp;pov\u00eddek <a href=\"https:\/\/www.kosmas.cz\/knihy\/192595\/doma\/\" target=\"_blank\" rel=\"noopener\"><strong>Doma<\/strong><\/a>, <a href=\"https:\/\/www.kosmas.cz\/knihy\/208026\/doma-i-jinde\/\" target=\"_blank\" rel=\"noopener\"><strong>Doma i&nbsp;jinde<\/strong><\/a> a&nbsp;<a href=\"https:\/\/www.kosmas.cz\/knihy\/203887\/modche-a-rezi\/\" target=\"_blank\" rel=\"noopener\"><strong>Modche a&nbsp;R\u00e9zi<\/strong><\/a>, Popelka Bili\u00e1nov\u00e1: <a href=\"https:\/\/www.kosmas.cz\/knihy\/207224\/pani-katynka-z-vajecneho-trhu\/\" target=\"_blank\" rel=\"noopener\"><strong>Pan\u00ed Katynka z&nbsp;Vaje\u010dn\u00e9ho trhu<\/strong><\/a> a&nbsp;<a href=\"https:\/\/www.kosmas.cz\/nakladatelstvi\/5594\/lama\/\" rel=\"noopener\" target=\"_blank\">dal\u0161\u00ed&#8230;<\/a><\/p>\n<p>&nbsp;<\/p>\n","protected":false},"excerpt":{"rendered":"<p>Tyto str\u00e1nky mi slou\u017e\u00ed jako pomocn\u00edk p\u0159i&nbsp;hled\u00e1n\u00ed osud\u016f p\u0159edk\u016f. Je pro m\u011b toti\u017e praktick\u00e9 m\u00edt takto snadno dostupn\u00e9 odkazy na&nbsp;str\u00e1nky, kter\u00e9 ne moc \u010dasto vyu\u017e\u00edv\u00e1m, a&nbsp;p\u0159\u00edpadn\u011b i&nbsp;r\u016fzn\u00e9 pozn\u00e1mky a&nbsp;praktick\u00e9 informace. To, samoz\u0159ejm\u011b, z\u00e1rove\u0148 znamen\u00e1, \u017ee tyto str\u00e1nky m\u016f\u017ee vid\u011bt a&nbsp;vyu\u017e\u00edvat kdokoli. P\u0159idala jsem proto i&nbsp;z\u00e1kladn\u00ed odkazy, kter\u00e9 pou\u017e\u00edv\u00e1m t\u00e9m\u011b\u0159 denn\u011b. Zn\u00e1te-li n\u011bjak\u00e9 praktick\u00e9 str\u00e1nky, kter\u00e9 &hellip; <\/p>\n<p class=\"link-more\"><a href=\"https:\/\/www.neznamo.cz\/genealogie\/\" class=\"more-link\">Pokra\u010dovat ve&nbsp;\u010dten\u00ed<span class=\"screen-reader-text\"> &#8222;\u00davod&#8220;<\/span><\/a><\/p>\n","protected":false},"author":1,"featured_media":0,"parent":0,"menu_order":0,"comment_status":"closed","ping_status":"closed","template":"","meta":{"footnotes":""},"class_list":["post-27","page","type-page","status-publish","hentry"],"featured_image_urls_v2":{"full":"","thumbnail":"","medium":"","medium_large":"","large":"","1536x1536":"","2048x2048":"","twentyseventeen-featured-image":"","twentyseventeen-thumbnail-avatar":""},"post_excerpt_stackable_v2":"<p>Tyto str\u00e1nky mi slou\u017e\u00ed jako pomocn\u00edk p\u0159i&nbsp;hled\u00e1n\u00ed osud\u016f p\u0159edk\u016f. Je pro m\u011b toti\u017e praktick\u00e9 m\u00edt takto snadno dostupn\u00e9 odkazy na&nbsp;str\u00e1nky, kter\u00e9 ne moc \u010dasto vyu\u017e\u00edv\u00e1m, a&nbsp;p\u0159\u00edpadn\u011b i&nbsp;r\u016fzn\u00e9 pozn\u00e1mky a&nbsp;praktick\u00e9 informace. To, samoz\u0159ejm\u011b, z\u00e1rove\u0148 znamen\u00e1, \u017ee tyto str\u00e1nky m\u016f\u017ee vid\u011bt a&nbsp;vyu\u017e\u00edvat kdokoli. P\u0159idala jsem proto i&nbsp;z\u00e1kladn\u00ed odkazy, kter\u00e9 pou\u017e\u00edv\u00e1m t\u00e9m\u011b\u0159 denn\u011b. Zn\u00e1te-li n\u011bjak\u00e9 praktick\u00e9 str\u00e1nky, kter\u00e9 zde chyb\u00ed, budu r\u00e1da, po\u0161lete-li mi na&nbsp;n\u011b odkaz. D\u011bkuji. Monika &nbsp; Tro\u0161ka reklamy Mo\u017en\u00e1 v\u00e1s zaujme n\u011bkter\u00e1 z&nbsp;knih na\u0161eho nakladatelstv\u00ed Lama. Nap\u0159\u00edklad: Josef Sv\u00e1tek: Pra\u017esk\u00e9 pov\u011bsti a&nbsp;legendy, Ign\u00e1t Herrmann: Otec Kondel\u00edk a&nbsp;\u017eenich Vejvara a&nbsp;pokra\u010dov\u00e1n\u00ed Tch\u00e1n Kondel\u00edk a&nbsp;ze\u0165 Vejvara, Vojt\u011bch Rakous: v\u00fdbory z&nbsp;pov\u00eddek Doma, Doma i&nbsp;jinde&hellip;<\/p>\n","category_list_v2":"","author_info_v2":{"name":"Monika","url":"https:\/\/www.neznamo.cz\/genealogie\/author\/monika\/"},"comments_num_v2":"0 comments","_links":{"self":[{"href":"https:\/\/www.neznamo.cz\/genealogie\/wp-json\/wp\/v2\/pages\/27","targetHints":{"allow":["GET"]}}],"collection":[{"href":"https:\/\/www.neznamo.cz\/genealogie\/wp-json\/wp\/v2\/pages"}],"about":[{"href":"https:\/\/www.neznamo.cz\/genealogie\/wp-json\/wp\/v2\/types\/page"}],"author":[{"embeddable":true,"href":"https:\/\/www.neznamo.cz\/genealogie\/wp-json\/wp\/v2\/users\/1"}],"replies":[{"embeddable":true,"href":"https:\/\/www.neznamo.cz\/genealogie\/wp-json\/wp\/v2\/comments?post=27"}],"version-history":[{"count":0,"href":"https:\/\/www.neznamo.cz\/genealogie\/wp-json\/wp\/v2\/pages\/27\/revisions"}],"wp:attachment":[{"href":"https:\/\/www.neznamo.cz\/genealogie\/wp-json\/wp\/v2\/media?parent=27"}],"curies":[{"name":"wp","href":"https:\/\/api.w.org\/{rel}","templated":true}]}}