{"id":256,"date":"2019-07-28T04:33:56","date_gmt":"2019-07-28T02:33:56","guid":{"rendered":"https:\/\/www.neznamo.cz\/genealogie\/?page_id=256"},"modified":"2019-07-28T04:33:56","modified_gmt":"2019-07-28T02:33:56","slug":"odkazy-historie-sr","status":"publish","type":"page","link":"https:\/\/www.neznamo.cz\/genealogie\/odkazy-historie-sr\/","title":{"rendered":"Historie SR"},"content":{"rendered":"<!-- Beginning of Link Library Output --><div id='linklist1' class='linklist'><!-- Div Linklist -->\n<div class=\"LinkLibraryCat LinkLibraryCat27 level0\"><!-- Div Category -->\n\t<ul>\n<li><strong><a href=\"https:\/\/onk.snk.sk\/\" id=\"link-1735\" class=\"track_this_link \" rel=\"noopener noreferrer nofollow\" target=\"_blank\">Digit\u00e1lna kni\u017enica SNK<\/a><\/strong>\n<br \/>Slovensk\u00e1 n\u00e1rodn\u00e1 kni\u017enica u\u017e m\u00e1 tak\u00e9 digit\u00e1ln\u00ed knihovnu a douf\u00e1m, \u017ee se po\u010det titul\u016f bude rychle zvy\u0161ovat. Snad se bude hodit pro hled\u00e1n\u00ed p\u0159edk\u016f na Slovensku.\n<br \/><em>Aktualizace: 26. 11. 2020, 22:07<\/em><br \/>\u00a0<\/li>\n<li><strong><a href=\"http:\/\/www.hiu.cas.cz\/cs\/nakladatelstvi\/publikace-v-elektronicke-podobe.ep\/\" id=\"link-1571\" class=\"track_this_link \" rel=\"noopener noreferrer nofollow\" target=\"_blank\">Elektronick\u00e9 publikace nakladatelstv\u00ed Historick\u00e9ho \u00fastavu AV<\/a><\/strong>\n<br \/>Obsahuje voln\u011b dostupn\u00e9 (v PDF) star\u0161\u00ed ro\u010dn\u00edky \u010dasopis\u016f (nap\u0159\u00edklad \u010cesk\u00fd \u010dasopis historick\u00fd) a n\u011bkter\u00e9 monografie.\n<br \/><em>Aktualizace: 1. 4. 2020, 22:40<\/em><br \/>\u00a0<\/li>\n<li><strong><a href=\"http:\/\/www.geni.sk\/\" id=\"link-273\" class=\"track_this_link \" rel=\"noopener noreferrer nofollow\" target=\"_blank\">Geni.sk<\/a><\/strong>\n<br \/>Slovensk\u00fd genealogick\u00fd pr\u016fvodce pln\u00fd informac\u00ed.\n<br \/><em>Aktualizace: 28. 7. 2019, 5:30<\/em><br \/>\u00a0<\/li>\n<li><strong><a href=\"https:\/\/vesmir.cz\/cz\/casopis\/archiv-casopisu\/1995\/cislo-9\/historie-morovych-epidemii.html\" id=\"link-670\" class=\"track_this_link \" rel=\"noopener noreferrer nofollow\" target=\"_blank\">Historie morov\u00fdch epidemi\u00ed<\/a><\/strong>\n<br \/>\u010cl\u00e1nek v \u010dasopise Vesm\u00edr s p\u0159ehledem morov\u00fdch epidemi\u00ed v Evrop\u011b tak, jak \u0161ly rok za rokem.\n<br \/><em>Aktualizace: 8. 8. 2019, 4:31<\/em><br \/>\u00a0<\/li>\n<li><strong><a href=\"https:\/\/kalendar.beda.cz\/kronika-povetrnosti\" id=\"link-672\" class=\"track_this_link \" rel=\"noopener noreferrer nofollow\" target=\"_blank\">Kronika pov\u011btrnosti se zvl\u00e1\u0161tn\u00edm ohledem na&nbsp;\u010cechy<\/a><\/strong>\n<br \/>Voln\u00fd p\u0159epis z\u00e1znam\u016f o po\u010das\u00ed v r\u016fzn\u00fdch letech, tak jak byly uve\u0159ejn\u011bny v Nov\u00e9m kalend\u00e1\u0159i hospod\u00e1\u0159sk\u00e9m v letech 1844\u20141847.\n<br \/><em>Aktualizace: 29. 11. 2019, 19:10<\/em><br \/>\u00a0<\/li>\n<li><strong><a href=\"https:\/\/obetiokupace.dejepis21.cz\/\" id=\"link-1115\" class=\"track_this_link \" rel=\"noopener noreferrer nofollow\" target=\"_blank\">Ob\u011bti okupace 1968<\/a><\/strong>\n<br \/>Interaktivn\u00ed mapa \u00dastavu pro studium totalitn\u00edch re\u017eim\u016f (\u00daSTR) poskytuje informace o ob\u011btech vp\u00e1du vojsk Var\u0161avsk\u00e9 smlouvy z \u010cesk\u00e9 i Slovensk\u00e9 republiky, v\u010detn\u011b informac\u00ed o konkr\u00e9tn\u00edch osob\u00e1ch. D\u00e1 se tedy vyu\u017e\u00edt pro genealogii.\n<br \/><em>Aktualizace: 20. 8. 2019, 17:16<\/em><br \/>\u00a0<\/li>\n<li><strong><a href=\"http:\/\/www.historickycasopis.sk\/index.php?id=archiv\" id=\"link-2433\" class=\"track_this_link \" rel=\"noopener noreferrer nofollow\" target=\"_blank\">Slovensk\u00fd Historick\u00fd \u010dasopis<\/a><\/strong>\n<br \/>Historick\u00fd \u00fastav SAV zdigitalizoval ro\u010dn\u00edky 1953 a\u017e 2021 Historick\u00e9ho \u010dasopisu, kter\u00fd se v\u011bnuje d\u011bjin\u00e1m Slovenska a St\u0159edn\u00ed Evropy.\n<br \/><em>Aktualizace: 13. 7. 2023, 16:51<\/em><br \/>\u00a0<\/li>\n<li><strong><a href=\"https:\/\/mapa.zelezna-opona.cz\/\" id=\"link-1114\" class=\"track_this_link \" rel=\"noopener noreferrer nofollow\" target=\"_blank\">Usmrcen\u00ed na&nbsp;\u010deskoslovensk\u00e9 hranici<\/a><\/strong>\n<br \/>Interaktivn\u00ed mapa \u00dastavu pro studium totalitn\u00edch re\u017eim\u016f (\u00daSTR) poskytuje informace o ob\u011btech, kte\u0159\u00e9 se sna\u017eily p\u0159ekonat &quot;\u017eeleznou oponu&quot; na hranic\u00edch \u010cesk\u00e9 i Slovensk\u00e9 republiky, a to a\u017e do \u00farovn\u011b konkr\u00e9tn\u00ed osoby. D\u00e1 se tedy vyu\u017e\u00edt pro genealogii.\n<br \/><em>Aktualizace: 20. 8. 2019, 17:15<\/em><br \/>\u00a0<\/li>\n<li><strong><a href=\"http:\/\/www.november89.eu\/zoznam_odsudenych\/vyhladavanie1.php\" id=\"link-1492\" class=\"track_this_link \" rel=\"noopener noreferrer nofollow\" target=\"_blank\">Zoznam s\u00fadenych<\/a><\/strong>\n<br \/>Datab\u00e1ze odsouzen\u00fdch na str\u00e1nce OZ Nen\u00e1padn\u00ed hrdinovia. Datab\u00e1ze nen\u00ed nijak popsan\u00e1. Nelze zjistit, zda zahrnuje celou dobu nesvobody (1948-1989). Pravd\u011bpodobn\u011b zahrnuje odsouzen\u00e9 za jak\u00e9koli \u010diny, v\u010detn\u011b nepolitick\u00fdch.\n<br \/><em>Aktualizace: 19. 1. 2020, 21:39<\/em><br \/>\u00a0<\/li>\n\t<\/ul>\n<\/div><!-- Div End Category -->\n<script type='text\/javascript'>\njQuery(document).ready(function()\n{\njQuery('.arrow-up').hide();\njQuery('#linklist1 a.track_this_link').click(function() {\nlinkid = this.id;\nlinkid = linkid.substring(5);\npath = '';\njQuery.ajax( {    type: 'POST',    url: 'https:\/\/www.neznamo.cz\/genealogie\/wp-admin\/admin-ajax.php',     data: { action: 'link_library_tracker',             _ajax_nonce: 'bc163ce709',             id:linkid, xpath:path }     });\nreturn true;\n});\njQuery('#linklist1 .expandlinks').click(function() {\ntarget = '.' + jQuery(this).attr('id');\nsubcattarget = '.' + jQuery(this).attr('data-subcat');\nif ( jQuery( target ).is(':visible') ) {\njQuery(target).slideUp();\njQuery(subcattarget).slideToggle();\njQuery(this).children('img').attr('src', 'https:\/\/www.neznamo.cz\/genealogie\/wp-content\/plugins\/link-library\/icons\/expand-32.png');\n} else {\njQuery(target).slideDown();\njQuery(subcattarget).slideToggle();\njQuery(this).children('img').attr('src', 'https:\/\/www.neznamo.cz\/genealogie\/wp-content\/plugins\/link-library\/icons\/collapse-32.png');\n}\n});\njQuery('#linklist1 .linklistcatclass').click(function() {\njQuery(this).siblings('.expandlinks').click();\n});\njQuery('#linklist1 .linklistcatnamedesc').click(function() {\njQuery(this).siblings('.expandlinks').click();\n});\n});\n<\/script>\n<\/div><!-- Div Linklist -->\n<!-- End of Link Library Output -->\n\n\n","protected":false},"excerpt":{"rendered":"","protected":false},"author":1,"featured_media":0,"parent":0,"menu_order":0,"comment_status":"closed","ping_status":"closed","template":"","meta":{"footnotes":""},"class_list":["post-256","page","type-page","status-publish","hentry"],"featured_image_urls_v2":{"full":"","thumbnail":"","medium":"","medium_large":"","large":"","1536x1536":"","2048x2048":"","twentyseventeen-featured-image":"","twentyseventeen-thumbnail-avatar":""},"post_excerpt_stackable_v2":"<p>Digit\u00e1lna kni\u017enica SNK Slovensk\u00e1 n\u00e1rodn\u00e1 kni\u017enica u\u017e m\u00e1 tak\u00e9 digit\u00e1ln\u00ed knihovnu a&nbsp;douf\u00e1m, \u017ee se po\u010det titul\u016f bude rychle zvy\u0161ovat. Snad se bude hodit pro hled\u00e1n\u00ed p\u0159edk\u016f na&nbsp;Slovensku. Aktualizace: 26.&nbsp;11.&nbsp;2020, 22:07\u00a0 Elektronick\u00e9 publikace nakladatelstv\u00ed Historick\u00e9ho \u00fastavu AV Obsahuje voln\u011b dostupn\u00e9 (v&nbsp;PDF) star\u0161\u00ed ro\u010dn\u00edky \u010dasopis\u016f (nap\u0159\u00edklad \u010cesk\u00fd \u010dasopis historick\u00fd) a&nbsp;n\u011bkter\u00e9 monografie. Aktualizace: 1.&nbsp;4.&nbsp;2020, 22:40\u00a0 Geni.sk Slovensk\u00fd genealogick\u00fd pr\u016fvodce pln\u00fd informac\u00ed. Aktualizace: 28.&nbsp;7.&nbsp;2019, 5:30\u00a0 Historie morov\u00fdch epidemi\u00ed \u010cl\u00e1nek v&nbsp;\u010dasopise Vesm\u00edr s&nbsp;p\u0159ehledem morov\u00fdch epidemi\u00ed v&nbsp;Evrop\u011b tak, jak \u0161ly rok za&nbsp;rokem. Aktualizace: 8.&nbsp;8.&nbsp;2019, 4:31\u00a0 Kronika pov\u011btrnosti se zvl\u00e1\u0161tn\u00edm ohledem&hellip;<\/p>\n","category_list_v2":"","author_info_v2":{"name":"Monika","url":"https:\/\/www.neznamo.cz\/genealogie\/author\/monika\/"},"comments_num_v2":"0 comments","_links":{"self":[{"href":"https:\/\/www.neznamo.cz\/genealogie\/wp-json\/wp\/v2\/pages\/256","targetHints":{"allow":["GET"]}}],"collection":[{"href":"https:\/\/www.neznamo.cz\/genealogie\/wp-json\/wp\/v2\/pages"}],"about":[{"href":"https:\/\/www.neznamo.cz\/genealogie\/wp-json\/wp\/v2\/types\/page"}],"author":[{"embeddable":true,"href":"https:\/\/www.neznamo.cz\/genealogie\/wp-json\/wp\/v2\/users\/1"}],"replies":[{"embeddable":true,"href":"https:\/\/www.neznamo.cz\/genealogie\/wp-json\/wp\/v2\/comments?post=256"}],"version-history":[{"count":0,"href":"https:\/\/www.neznamo.cz\/genealogie\/wp-json\/wp\/v2\/pages\/256\/revisions"}],"wp:attachment":[{"href":"https:\/\/www.neznamo.cz\/genealogie\/wp-json\/wp\/v2\/media?parent=256"}],"curies":[{"name":"wp","href":"https:\/\/api.w.org\/{rel}","templated":true}]}}