{"id":249,"date":"2019-07-28T04:21:51","date_gmt":"2019-07-28T02:21:51","guid":{"rendered":"https:\/\/www.neznamo.cz\/genealogie\/?page_id=249"},"modified":"2019-07-28T04:21:51","modified_gmt":"2019-07-28T02:21:51","slug":"odkazy-vzory-a-programy","status":"publish","type":"page","link":"https:\/\/www.neznamo.cz\/genealogie\/odkazy-vzory-a-programy\/","title":{"rendered":"Vzory a&nbsp;programy"},"content":{"rendered":"<!-- Beginning of Link Library Output --><div id='linklist1' class='linklist'><!-- Div Linklist -->\n<div class=\"LinkLibraryCat LinkLibraryCat24 level0\"><!-- Div Category -->\n\t<ul>\n<li><strong><a href=\"http:\/\/genealogie.nka.cz\/?page_id=618\" id=\"link-439\" class=\"track_this_link  featured\" rel=\"noopener noreferrer nofollow\" target=\"_blank\">Zkratky v&nbsp;archiv\u00e1li\u00edch<\/a><\/strong>\n<br \/>R\u016fzn\u00e9 zkratky v \u010de\u0161tin\u011b i latin\u011b v\u010detn\u011b m\u011br, vah, pen\u011bz apod. n\u011bkter\u00e9 i s obr\u00e1zky jejich podob z archiv\u00e1li\u00ed na genealogie.nka. Velmi praktick\u00e9.\n<br \/><em>Aktualizace: 2. 8. 2019, 5:15<\/em><br \/>\u00a0<\/li>\n<li><strong><a href=\"http:\/\/www.daubnet.com\/de\/ages\" id=\"link-2047\" class=\"track_this_link \" rel=\"noopener noreferrer nofollow\" target=\"_blank\">Ages<\/a><\/strong>\n<br \/>Genealogick\u00fd program pro Windows, kter\u00fd pracuje p\u0159\u00edmo s gedcomem (lze jej do programu importovat). M\u00e1 m\u00edt dobr\u00e9 tiskov\u00e9 v\u00fdstupy a m\u011bl by pracovat standardn\u011b s \u010de\u0161tinou v gedcomu (samotn\u00fd program ale nemus\u00ed b\u00fdt bezezbytku p\u0159elo\u017een\u00fd). Program je celkem obl\u00edben\u00fd. Rozd\u00edl mezi zku\u0161ebn\u00ed verz\u00ed zdarma a plnou verz\u00ed za cca 40 \u20ac se mi nepovedlo zjistit (star\u0161\u00ed verze zdarma m\u011bla zvl\u00e1dnout import jakkoli velk\u00e9ho gedkomu). Odkaz poslal pan Franti\u0161ek. D\u011bkuji.\n<br \/><em>Aktualizace: 27. 12. 2021, 17:05<\/em><br \/>\u00a0<\/li>\n<li><strong><a href=\"https:\/\/www.ahnenblatt.com\/\" id=\"link-584\" class=\"track_this_link \" rel=\"noopener noreferrer nofollow\" target=\"_blank\">Ahnenblatt<\/a><\/strong>\n<br \/>N\u011bmeck\u00fd genealogick\u00fd program pro evidenci p\u0159edk\u016f, kter\u00fd b\u00fdval obl\u00edben\u00fd pro sv\u00e9 grafy (lze se &quot;v\u00fdtvarn\u011b vy\u0159\u00e1dit&quot;). Bohu\u017eel um\u00ed p\u0159ehledn\u011b pouze grafy v\u00fdvodu, a to bez ztr\u00e1ty p\u0159edk\u016f (nev\u00fdhodou jsou jeho tenk\u00e9 \u0161ikm\u00e9 linky mezi p\u0159edky a potomky). M\u011b nevyhovuje zp\u016fsob zad\u00e1v\u00e1n\u00ed osoby - neust\u00e1le jsem si pletla osoby, nemohla n\u011bkoho naj\u00edt apod. Um\u00ed importovat i exportovat GEDCOM, um\u00ed \u010desky (a dal\u0161\u00ed jazyky). Pracuje na Windows, jin\u00e9 opera\u010dn\u00ed syst\u00e9my z\u0159ejm\u011b neum\u00ed. Nejnov\u011bj\u0161\u00ed verze u\u017e nen\u00ed zdarma, stoj\u00ed 39 \u20ac.\n<br \/><em>Aktualizace: 5. 8. 2019, 2:41<\/em><br \/>\u00a0<\/li>\n<li><strong><a href=\"https:\/\/ancestry.nethar.cz\/\" id=\"link-582\" class=\"track_this_link \" rel=\"noopener noreferrer nofollow\" target=\"_blank\">Ancestry (\u010desk\u00fd)<\/a><\/strong>\n<br \/>Obl\u00edben\u00fd \u010desk\u00fd genealogick\u00fd program pro evidenci p\u0159edk\u016f, kter\u00fd je u\u017e ale dlouho neaktualizovan\u00fd. Pracuje z\u0159ejm\u011b, podle st\u00e1\u0159\u00ed, pouze na syst\u00e9mech Windows (nepovedlo se mi naj\u00edt, zda i v nejnov\u011bj\u0161\u00edch). Um\u00ed importovat i exportovat GEDCOM. Um\u00ed exportovat do HTML (tj. vytvo\u0159it verzi webov\u00fdch str\u00e1nek), co\u017e vy\u017eaduje dopln\u011bk. Mo\u017en\u00e1 se chyst\u00e1 nov\u00e1 verze (nelze ov\u011b\u0159it). Je zdarma.\n<br \/><em>Aktualizace: 5. 8. 2019, 2:39<\/em><br \/>\u00a0<\/li>\n<li><strong><a href=\"http:\/\/www.harrisknudsen.dk\/anetavler.htm\" id=\"link-596\" class=\"track_this_link \" rel=\"noopener noreferrer nofollow\" target=\"_blank\">Anetavler<\/a><\/strong>\n<br \/>Web pln\u00fd vzor\u016f nejen graf\u016f v\u00fdvod\u016f. N\u011bkter\u00e9 dokumenty si v po\u010d\u00edta\u010di vypln\u00edte, ulo\u017e\u00edte a vytisknete nebo nech\u00e1te vytisknout v copy centru, jin\u00e9 si dopln\u00edte ru\u010dn\u011b a\u017e po tisku. Ur\u010dit\u011b si ka\u017ed\u00fd vybere p\u0159esn\u011b to, co pot\u0159ebuje. Doporu\u010duji na lev\u00e9 stran\u011b v horn\u00ed \u010d\u00e1sti kliknout tak\u00e9 na tla\u010d\u00edtko &quot;Genealogi&quot;, kde by se daly vyu\u017e\u00edt n\u011bkter\u00e9 tituln\u00ed listy ke knih\u00e1m. D\u00e1nsky\n<br \/><em>Aktualizace: 5. 8. 2019, 5:17<\/em><br \/>\u00a0<\/li>\n<li><strong><a href=\"https:\/\/www.openoffice.org\/cs\/\" id=\"link-882\" class=\"track_this_link \" rel=\"noopener noreferrer nofollow\" target=\"_blank\">Apache OpenOffice<\/a><\/strong>\n<br \/>Bezplatn\u00fd bal\u00edk kancel\u00e1\u0159sk\u00fdch program\u016f (takov\u00fd Microsoft Office zdarma). Lze jej instalovat na po\u010d\u00edta\u010de se syst\u00e9my Linux (pro n\u011bj byl ps\u00e1n p\u016fvodn\u011b), Windows i Mac. Um\u00ed otev\u0159\u00edt i ulo\u017eit v\u011bt\u0161inu form\u00e1t\u016f pou\u017e\u00edvan\u00fdch v Microsoft Office (doc, docx, xls, xlsx, ppt, rtf) a mnoha jin\u00fdch aplikac\u00edch. Um\u00ed export do PDF i LaTeX. Z\u00e1kladn\u00edmi sou\u010d\u00e1stmi bal\u00edku jsou: textov\u00fd editor, tabulkov\u00fd procesor, prezenta\u010dn\u00ed n\u00e1stroj, grafick\u00fd editor, datab\u00e1zov\u00fd frontend, n\u00e1stroj pro vytv\u00e1\u0159en\u00ed matematick\u00fdch vzorc\u016f. Podporuje mno\u017estv\u00ed jazyk\u016f, v\u010detn\u011b \u010de\u0161tiny. M\u00e1 str\u00e1nky v \u010de\u0161tin\u011b (tam vede odkaz), ale je na nich mnoho nep\u0159elo\u017een\u00e9ho.\n<br \/><em>Aktualizace: 13. 8. 2019, 4:31<\/em><br \/>\u00a0<\/li>\n<li><strong><a href=\"https:\/\/www.cyndislist.com\/free-stuff\/printable-charts-and-forms\/\" id=\"link-586\" class=\"track_this_link \" rel=\"noopener noreferrer nofollow\" target=\"_blank\">Cyndi&#8217;s&nbsp;List &#8211; Printable Charts &#038; Forms<\/a><\/strong>\n<br \/>Asi nejv\u011bt\u0161\u00ed seznam odkaz\u016f na v\u0161echny mo\u017en\u00e9 \u0161ablony a vzory graf\u016f a formul\u00e1\u0159\u016f, kter\u00e9 jsou k dispozici zdarma. V angli\u010dtin\u011b.\n<br \/><em>Aktualizace: 5. 8. 2019, 3:01<\/em><br \/>\u00a0<\/li>\n<li><strong><a href=\"https:\/\/www.ubry.net\/rodokmeny\/evidence.html\" id=\"link-2369\" class=\"track_this_link \" rel=\"noopener noreferrer nofollow\" target=\"_blank\">Evidence ubry.net<\/a><\/strong>\n<br \/>Zdarma mal\u00e1 pom\u016fcka v excelu pro evidenci osob p\u0159i hled\u00e1n\u00ed v archivech. Na webu najdete tak\u00e9 dal\u0161\u00ed pom\u016fcky zdarma i placen\u00e9 (grafy v\u00fdvod\u016f, rodinn\u00e9 listy, ikonky \u0159emesel). Jinak jde o obchod s grafy.\n<br \/><em>Aktualizace: 5. 1. 2023, 19:49<\/em><br \/>\u00a0<\/li>\n<li><strong><a href=\"https:\/\/www.myheritage.cz\/family-tree-builder\" id=\"link-583\" class=\"track_this_link \" rel=\"noopener noreferrer nofollow\" target=\"_blank\">Family Tree Builder<\/a><\/strong>\n<br \/>Obl\u00edben\u00fd genealogick\u00fd program pro evidenci p\u0159edk\u016f, kter\u00fd je vlastn\u011b verz\u00ed MyHeritage pro po\u010d\u00edta\u010d (um\u00ed s MyHeritage synchronizovat data, ale um\u00ed fungovat i samostatn\u011b). Um\u00ed importovat i exportovat GEDCOM, um\u00ed \u010desky (a mnoho jin\u00fdch jazyk\u016f). Pracuje z\u0159ejm\u011b na Windows a tvrd\u00ed, \u017ee nab\u00edz\u00ed n\u011bjak\u00e9 aplikace pro mobily, ale nepovedlo se mi zjistit, zda pracuje i na Macu. Je zdarma.\n<br \/><em>Aktualizace: 5. 8. 2019, 2:40<\/em><br \/>\u00a0<\/li>\n<li><strong><a href=\"https:\/\/sourceforge.net\/projects\/genj\/\" id=\"link-875\" class=\"track_this_link \" rel=\"noopener noreferrer nofollow\" target=\"_blank\">GenealogyJ<\/a><\/strong>\n<br \/>Genealogick\u00fd program pro evidenci p\u0159edk\u016f je napsan\u00fd v Jav\u011b a m\u011bl by b\u011b\u017eet nez\u00e1visle na syst\u00e9mu (Windows, Mac, Linux). Data ukl\u00e1d\u00e1 p\u0159\u00edmo do souboru GEDCOM (tj. nen\u00ed t\u0159eba import a export). Nev\u00edm, zda um\u00ed \u010desky. Program je zdarma.\n<br \/><em>Aktualizace: 13. 8. 2019, 4:28<\/em><br \/>\u00a0<\/li>\n<li><strong><a href=\"https:\/\/www.genopro.com\/\" id=\"link-869\" class=\"track_this_link \" rel=\"noopener noreferrer nofollow\" target=\"_blank\">GenoPro<\/a><\/strong>\n<br \/>Obl\u00edben\u00fd genealogick\u00fd program pro evidenci p\u0159edk\u016f je sice placen\u00fd, ale nen\u00ed p\u0159\u00edli\u0161 drah\u00fd a licence se d\u00e1 zaplatit kartou nebo p\u0159es PayPal. V grafech pou\u017e\u00edv\u00e1 genogramy, co\u017e je n\u011bco jin\u00e9ho, ne\u017e jsme zvykl\u00ed, ale je to mnohem informativn\u011bj\u0161\u00ed vizu\u00e1ln\u00ed metoda. Na m\u011b, bohu\u017eel, a\u017e p\u0159\u00edli\u0161 slo\u017eit\u00e1. Um\u00ed importovat i exportovat GEDCOM. Je ur\u010den pro syst\u00e9m Windows. Program um\u00ed \u010desky.\n<br \/><em>Aktualizace: 13. 8. 2019, 4:26<\/em><br \/>\u00a0<\/li>\n<li><strong><a href=\"https:\/\/www.gimp.org\/\" id=\"link-879\" class=\"track_this_link \" rel=\"noopener noreferrer nofollow\" target=\"_blank\">Gimp<\/a><\/strong>\n<br \/>Bezplatn\u00fd program pro \u00fapravu fotek (takov\u00fd Adobe Photoshop zdarma). Lze jej instalovat na po\u010d\u00edta\u010de se syst\u00e9my Linux (pro n\u011bj byl ps\u00e1n p\u016fvodn\u011b), Windows i Mac. Podporuje hlavn\u00ed rastrov\u00e9 form\u00e1ty (TIFF, PNG, JPG, GIF, TGA), \u010d\u00e1ste\u010dn\u011b podporuje i PSD, um\u00ed import vektorov\u00fdch obr\u00e1zk\u016f SVG a dokumenty v PDF. Podporuje p\u0159es 80 jazyk\u016f, v\u010detn\u011b \u010de\u0161tiny a sloven\u0161tiny.\n<br \/><em>Aktualizace: 13. 8. 2019, 4:30<\/em><br \/>\u00a0<\/li>\n<li><strong><a href=\"https:\/\/gramps-project.org\/\" id=\"link-873\" class=\"track_this_link \" rel=\"noopener noreferrer nofollow\" target=\"_blank\">Gramps<\/a><\/strong>\n<br \/>Genealogick\u00fd program pro evidenci p\u0159edk\u016f je ur\u010den prim\u00e1rn\u011b pro Linux, ale p\u00ed\u0161ou, \u017ee by se odborn\u00edk\u016fm mohlo poda\u0159it instalovat jej i na syst\u00e9mech Windows a Mac. Um\u00ed \u010d\u00e1ste\u010dn\u011b importovat i exportovat GEDCOM. Program pr\u00fd um\u00ed \u010desky a m\u00e1 i \u010deskou str\u00e1nku dokumentace. Program je zdarma.\n<br \/><em>Aktualizace: 13. 8. 2019, 4:28<\/em><br \/>\u00a0<\/li>\n<li><strong><a href=\"http:\/\/www.legacyczech.com\/\" id=\"link-871\" class=\"track_this_link \" rel=\"noopener noreferrer nofollow\" target=\"_blank\">Legacy Family Tree<\/a><\/strong>\n<br \/>Zaj\u00edmav\u00fd americk\u00fd genealogick\u00fd program pro evidenci p\u0159edk\u016f m\u00e1 standardn\u00ed verzi s omezen\u00fdmi funkcemi zdarma a plnou verzi placenou. Um\u00ed importovat i exportovat GEDCOM. Je ur\u010den pro syst\u00e9m Windows. Program um\u00ed \u010desky a m\u00e1 i \u010deskou str\u00e1nku.\n<br \/><em>Aktualizace: 29. 11. 2019, 19:10<\/em><br \/>\u00a0<\/li>\n<li><strong><a href=\"http:\/\/misbach.org\/free-pdf-charts.html\" id=\"link-636\" class=\"track_this_link \" rel=\"noopener noreferrer nofollow\" target=\"_blank\">Misbach Enterprises &#8211; Free PDF Charts<\/a><\/strong>\n<br \/>M\u00e9 obl\u00edben\u00e9 PDF grafy, z n\u00edch\u017e mnoh\u00e9 lze vyplnit p\u0159\u00edmo v Acrobat Readeru. Nej\u010dast\u011bji jako pracovn\u00ed pou\u017e\u00edv\u00e1m 5 Generation Pedigree Chart (dob\u0159e se mi v\u011btv\u00ed). Nab\u00edz\u00ed odesl\u00e1n\u00ed dat do Misbachu, ale nemus\u00edte nic pos\u00edlat, graf lze ulo\u017eit nebo tisknout i bez toho. Grafy jsou anglicky.\n<br \/><em>Aktualizace: 7. 8. 2019, 3:10<\/em><br \/>\u00a0<\/li>\n<li><strong><a href=\"http:\/\/www.oxy-gen-soft.net\/index_cz.php\" id=\"link-877\" class=\"track_this_link \" rel=\"noopener noreferrer nofollow\" target=\"_blank\">Oxy-Gen<\/a><\/strong>\n<br \/>N\u00e1stroj pro vygenerov\u00e1n\u00ed webov\u00e9ho v\u00fdstupu z GEDCOM souboru k um\u00edst\u011bn\u00ed na internet nebo na DVD\/CD-ROM. P\u0159evod je mo\u017en\u00fd do form\u00e1t\u016f HTML, CSV (Access, Excel, Open Office(Calc)), PHP (MySQL), XML a SQL(Oracle). M\u011bl by um\u011bt \u010desky, str\u00e1nky m\u00e1 i v \u010de\u0161tin\u011b.\n<br \/><em>Aktualizace: 13. 8. 2019, 4:29<\/em><br \/>\u00a0<\/li>\n<li><strong><a href=\"http:\/\/www.ubry.net\/rodokmeny\/sablony-rodokmen--zdarma.html\" id=\"link-859\" class=\"track_this_link \" rel=\"noopener noreferrer nofollow\" target=\"_blank\">Rodokmen ubry.net<\/a><\/strong>\n<br \/>Zdarma v PDF vzory graf\u016f v\u00fdvod\u016f, rodinn\u00fdch list\u016f a ikon \u0159emesel v \u010de\u0161tin\u011b. grafy a rodinn\u00e9 listy si lze v po\u010d\u00edta\u010di vyplnit a pot\u00e9 vytisknout nebo nechat vytisknout v copy centru. Jinak jde o obchod s grafy.\n<br \/><em>Aktualizace: 29. 11. 2019, 19:21<\/em><br \/>\u00a0<\/li>\n<li><strong><a href=\"https:\/\/scribus.cz\/\" id=\"link-881\" class=\"track_this_link \" rel=\"noopener noreferrer nofollow\" target=\"_blank\">Scribus<\/a><\/strong>\n<br \/>Bezplatn\u00fd program pro sazbu dokument\u016f (desktop publishing, takov\u00fd Adobe InDesign zdarma). Lze jej instalovat na po\u010d\u00edta\u010de se syst\u00e9my Linux (pro n\u011bj byl ps\u00e1n p\u016fvodn\u011b), Windows i Mac. Podporuje v\u011bt\u0161inu textov\u00fdch i grafick\u00fdch form\u00e1t\u016f (v\u010detn\u011b SVG), TrueType a OpenType fonty, CMYK a ICC spr\u00e1vu barev, export do PDF. M\u00e1 i n\u00e1stroj, kter\u00fdm se daj\u00ed vytvo\u0159it nejen genealogick\u00e9 grafy (Graphviz). Je v \u010de\u0161tin\u011b a m\u00e1 i \u010deskou dokumentaci (odkaz vede na \u010deskou str\u00e1nku).\n<br \/><em>Aktualizace: 13. 8. 2019, 4:31<\/em><br \/>\u00a0<\/li>\n<li><strong><a href=\"https:\/\/apps.wikitree.com\/apps\/wiech13\/topola-viewer\/\" id=\"link-1682\" class=\"track_this_link \" rel=\"noopener noreferrer nofollow\" target=\"_blank\">Topola Genealogy Viewer<\/a><\/strong>\n<br \/>Online aplikace pro zobrazen\u00ed genealogick\u00e9ho grafu um\u00ed zobrazit p\u0159edky, potomky i sourozence z v\u00e1mi &quot;dodan\u00e9ho&quot; GEDCOMu. Aplikace je v angli\u010dtin\u011b, ale ovl\u00e1d\u00e1n\u00ed je intuitivn\u00ed a jednoduch\u00e9. Vzhled grafu nelze nastavit, ale pou\u017eit\u00fd graf je celkem uch\u00e1zej\u00edc\u00ed. Sta\u010d\u00ed do aplikace nahr\u00e1t GEDCOM bu\u010f z po\u010d\u00edta\u010de nebo z URL adresy (data jsou ulo\u017eena do va\u0161eho prohl\u00ed\u017ee\u010de a nikoli na server slu\u017eby) a pak zvolit v\u00fdchoz\u00ed osobu (kliknout na jej\u00ed pol\u00ed\u010dko) a typ grafu (nab\u00eddka &quot;View&quot;). V\u00fdsledn\u00fd graf um\u00ed vytisknout (&quot;Print&quot;) i ulo\u017eit (&quot;Download&quot;) ve form\u00e1tu PDF, PNG a SWG. Je t\u0159eba po\u010d\u00edtat s t\u00edm, \u017ee i u mal\u00e9ho grafu je str\u00e1nka PDF obrovsk\u00e1, proto je nutn\u00e9 p\u0159i tisku z PDF pak v\u017edy pracovat s nastaven\u00edm tisku.\n<br \/><em>Aktualizace: 25. 8. 2020, 15:32<\/em><br \/>\u00a0<\/li>\n<li><strong><a href=\"https:\/\/transkribus.eu\/\" id=\"link-1343\" class=\"track_this_link \" rel=\"noopener noreferrer nofollow\" target=\"_blank\">Transkribus<\/a><\/strong>\n<br \/>Aplikace pro Windows i Mac k p\u0159evodu ru\u010dn\u011b psan\u00fdch text\u016f na textov\u00fd form\u00e1t (exportuje do TEI, RTF, PDF, XML). Pro sta\u017een\u00ed programu je t\u0159eba registrace. Chybovost je podle u\u017eivatel\u016f \u00fadajn\u011b hodn\u011b vysok\u00e1. Autor: University of Innsbruck.\n<br \/><em>Aktualizace: 6. 10. 2019, 9:02<\/em><br \/>\u00a0<\/li>\n<li><strong><a href=\"https:\/\/www.webtrees.net\/\" id=\"link-581\" class=\"track_this_link \" rel=\"noopener noreferrer nofollow\" target=\"_blank\">webtrees<\/a><\/strong>\n<br \/>Genealogick\u00fd program pro evidenci p\u0159edk\u016f, kter\u00fd se instaluje na server (nebude fungovat v po\u010d\u00edta\u010di, nen\u00ed-li nakonfigurovan\u00fd jako server). Um\u00ed importovat i exportovat GEDCOM, um\u00ed \u010desky (a mnoho jin\u00fdch jazyk\u016f). Verze 1.7.x nem\u00e1 nejlep\u0161\u00ed grafick\u00e9 v\u00fdstupy pro tisk (um\u00ed pouze 5 genera\u010dn\u00ed graf v\u00fdvodu), ale m\u00e1 dob\u0159e \u0159e\u0161en\u00e9 zpr\u00e1vy v textov\u00e9 podob\u011b (krom\u011b obr\u00e1zk\u016f) a na monitoru zobraz\u00ed v grafech mnoh\u00e9. B\u00fdv\u00e1 pou\u017e\u00edv\u00e1m pro pro rodinn\u00e9 genealogick\u00e9 weby. Lze na n\u011bm vytv\u00e1\u0159et v\u00edce r\u016fzn\u00fdch &quot;rodokmen\u016f&quot;. Je zdarma.\n<br \/><em>Aktualizace: 5. 8. 2019, 2:39<\/em><br \/>\u00a0<\/li>\n\t<\/ul>\n<\/div><!-- Div End Category -->\n<script type='text\/javascript'>\njQuery(document).ready(function()\n{\njQuery('.arrow-up').hide();\njQuery('#linklist1 a.track_this_link').click(function() {\nlinkid = this.id;\nlinkid = linkid.substring(5);\npath = '';\njQuery.ajax( {    type: 'POST',    url: 'https:\/\/www.neznamo.cz\/genealogie\/wp-admin\/admin-ajax.php',     data: { action: 'link_library_tracker',             _ajax_nonce: '6cad1d22fc',             id:linkid, xpath:path }     });\nreturn true;\n});\njQuery('#linklist1 .expandlinks').click(function() {\ntarget = '.' + jQuery(this).attr('id');\nsubcattarget = '.' + jQuery(this).attr('data-subcat');\nif ( jQuery( target ).is(':visible') ) {\njQuery(target).slideUp();\njQuery(subcattarget).slideToggle();\njQuery(this).children('img').attr('src', 'https:\/\/www.neznamo.cz\/genealogie\/wp-content\/plugins\/link-library\/icons\/expand-32.png');\n} else {\njQuery(target).slideDown();\njQuery(subcattarget).slideToggle();\njQuery(this).children('img').attr('src', 'https:\/\/www.neznamo.cz\/genealogie\/wp-content\/plugins\/link-library\/icons\/collapse-32.png');\n}\n});\njQuery('#linklist1 .linklistcatclass').click(function() {\njQuery(this).siblings('.expandlinks').click();\n});\njQuery('#linklist1 .linklistcatnamedesc').click(function() {\njQuery(this).siblings('.expandlinks').click();\n});\n});\n<\/script>\n<\/div><!-- Div Linklist -->\n<!-- End of Link Library Output -->\n\n\n","protected":false},"excerpt":{"rendered":"","protected":false},"author":1,"featured_media":0,"parent":0,"menu_order":0,"comment_status":"closed","ping_status":"closed","template":"","meta":{"footnotes":""},"class_list":["post-249","page","type-page","status-publish","hentry"],"featured_image_urls_v2":{"full":"","thumbnail":"","medium":"","medium_large":"","large":"","1536x1536":"","2048x2048":"","twentyseventeen-featured-image":"","twentyseventeen-thumbnail-avatar":""},"post_excerpt_stackable_v2":"<p>Zkratky v&nbsp;archiv\u00e1li\u00edch R\u016fzn\u00e9 zkratky v&nbsp;\u010de\u0161tin\u011b i&nbsp;latin\u011b v\u010detn\u011b m\u011br, vah, pen\u011bz apod. n\u011bkter\u00e9 i&nbsp;s&nbsp;obr\u00e1zky jejich podob z&nbsp;archiv\u00e1li\u00ed na&nbsp;genealogie.nka. Velmi praktick\u00e9. Aktualizace: 2.&nbsp;8.&nbsp;2019, 5:15\u00a0 Ages Genealogick\u00fd program pro Windows, kter\u00fd pracuje p\u0159\u00edmo s&nbsp;gedcomem (lze jej do&nbsp;programu importovat). M\u00e1 m\u00edt dobr\u00e9 tiskov\u00e9 v\u00fdstupy a&nbsp;m\u011bl by pracovat standardn\u011b s&nbsp;\u010de\u0161tinou v&nbsp;gedcomu (samotn\u00fd program ale nemus\u00ed b\u00fdt bezezbytku p\u0159elo\u017een\u00fd). Program je celkem obl\u00edben\u00fd. Rozd\u00edl mezi zku\u0161ebn\u00ed verz\u00ed zdarma a&nbsp;plnou verz\u00ed za&nbsp;cca 40 \u20ac se mi nepovedlo zjistit (star\u0161\u00ed verze zdarma m\u011bla zvl\u00e1dnout import jakkoli velk\u00e9ho gedkomu). Odkaz poslal pan Franti\u0161ek. D\u011bkuji.&hellip;<\/p>\n","category_list_v2":"","author_info_v2":{"name":"Monika","url":"https:\/\/www.neznamo.cz\/genealogie\/author\/monika\/"},"comments_num_v2":"0 comments","_links":{"self":[{"href":"https:\/\/www.neznamo.cz\/genealogie\/wp-json\/wp\/v2\/pages\/249","targetHints":{"allow":["GET"]}}],"collection":[{"href":"https:\/\/www.neznamo.cz\/genealogie\/wp-json\/wp\/v2\/pages"}],"about":[{"href":"https:\/\/www.neznamo.cz\/genealogie\/wp-json\/wp\/v2\/types\/page"}],"author":[{"embeddable":true,"href":"https:\/\/www.neznamo.cz\/genealogie\/wp-json\/wp\/v2\/users\/1"}],"replies":[{"embeddable":true,"href":"https:\/\/www.neznamo.cz\/genealogie\/wp-json\/wp\/v2\/comments?post=249"}],"version-history":[{"count":0,"href":"https:\/\/www.neznamo.cz\/genealogie\/wp-json\/wp\/v2\/pages\/249\/revisions"}],"wp:attachment":[{"href":"https:\/\/www.neznamo.cz\/genealogie\/wp-json\/wp\/v2\/media?parent=249"}],"curies":[{"name":"wp","href":"https:\/\/api.w.org\/{rel}","templated":true}]}}