{"id":225,"date":"2019-07-28T03:49:30","date_gmt":"2019-07-28T01:49:30","guid":{"rendered":"https:\/\/www.neznamo.cz\/genealogie\/?page_id=225"},"modified":"2019-07-28T03:49:30","modified_gmt":"2019-07-28T01:49:30","slug":"odkazy-mistopis-sr","status":"publish","type":"page","link":"https:\/\/www.neznamo.cz\/genealogie\/odkazy-mistopis-sr\/","title":{"rendered":"M\u00edstopis SR"},"content":{"rendered":"<!-- Beginning of Link Library Output --><div id='linklist1' class='linklist'><!-- Div Linklist -->\n<div class=\"LinkLibraryCat LinkLibraryCat18 level0\"><!-- Div Category -->\n\t<ul>\n<li><strong><a href=\"http:\/\/akon.onb.ac.at\/#center=eurypzpgxczb&#038;zoom=3\" id=\"link-517\" class=\"track_this_link \" rel=\"noopener noreferrer nofollow\" target=\"_blank\">AKON &#8211; Ansichtskarten Online<\/a><\/strong>\n<br \/>Historick\u00e9 fotografie a pohlednice r\u016fzn\u00fdch m\u00edst z cel\u00e9ho sv\u011bta, v\u010detn\u011b \u010cR a SR zve\u0159ej\u0148uje \u00d6sterreichischen Nationalbibliothek. Navigace pomoc\u00ed snadno obsluhovateln\u00e9 mapy.\n<br \/><em>Aktualizace: 4. 8. 2019, 0:22<\/em><br \/>\u00a0<\/li>\n<li><strong><a href=\"https:\/\/onk.snk.sk\/\" id=\"link-1735\" class=\"track_this_link \" rel=\"noopener noreferrer nofollow\" target=\"_blank\">Digit\u00e1lna kni\u017enica SNK<\/a><\/strong>\n<br \/>Slovensk\u00e1 n\u00e1rodn\u00e1 kni\u017enica u\u017e m\u00e1 tak\u00e9 digit\u00e1ln\u00ed knihovnu a douf\u00e1m, \u017ee se po\u010det titul\u016f bude rychle zvy\u0161ovat. Snad se bude hodit pro hled\u00e1n\u00ed p\u0159edk\u016f na Slovensku.\n<br \/><em>Aktualizace: 26. 11. 2020, 22:07<\/em><br \/>\u00a0<\/li>\n<li><strong><a href=\"http:\/\/www.cisarik.com\/\" id=\"link-1627\" class=\"track_this_link \" rel=\"noopener noreferrer nofollow\" target=\"_blank\">Genealogy Slovakia &#8211; Tourist Guide &#8211; Archive Researcher<\/a><\/strong>\n<br \/>Anglickojazy\u010dn\u00e9 str\u00e1nky, kter\u00e9 pomohou hledat p\u0159edky i p\u0159\u00edbuzn\u00e9 na Slovensku. Ka\u017ed\u00e1 obec m\u00e1 str\u00e1nku se seznamem p\u0159\u00edjmen\u00ed z telefonn\u00edho seznamu z roku 2005, ze s\u010d\u00edt\u00e1n\u00ed 1715 a pak tak\u00e9 zaznamenan\u00e1 z\u0159ejm\u011b autorem kdykoli v historii. Vyhled\u00e1vat lze podle obce i p\u0159\u00edjmen\u00ed (doporu\u010duji d\u00e1t do uvozovek, pokud jej zn\u00e1te p\u0159esn\u011b). Pozor, seznamy p\u0159\u00edjmen\u00ed mohou pokra\u010dovat dole po v\u011bt\u0161\u00ed meze\u0159e.\n<br \/><em>Aktualizace: 16. 5. 2020, 20:53<\/em><br \/>\u00a0<\/li>\n<li><strong><a href=\"http:\/\/www.geni.sk\/\" id=\"link-273\" class=\"track_this_link \" rel=\"noopener noreferrer nofollow\" target=\"_blank\">Geni.sk<\/a><\/strong>\n<br \/>Slovensk\u00fd genealogick\u00fd pr\u016fvodce pln\u00fd informac\u00ed.\n<br \/><em>Aktualizace: 28. 7. 2019, 5:30<\/em><br \/>\u00a0<\/li>\n<li><strong><a href=\"http:\/\/www.digitalniknihovna.cz\/nulk\/uuid\/uuid:ac173d41-27ff-11eb-997c-000c29086a30\" id=\"link-1982\" class=\"track_this_link \" rel=\"noopener noreferrer nofollow\" target=\"_blank\">Lidov\u00e1 stavebn\u00ed kultura v&nbsp;\u010deskoslovensk\u00fdch Karpatech a&nbsp;p\u0159ilehl\u00fdch \u00fazem\u00edch<\/a><\/strong>\n<br \/>V\u00e1clav Frolec: Lidov\u00e1 stavebn\u00ed kultura v \u010deskoslovensk\u00fdch Karpatech a p\u0159ilehl\u00fdch \u00fazem\u00edch, Sborn\u00edk, svazek 7, nakladatelstv\u00ed Blok, Brno 1981. Kniha je k dispozici v digit\u00e1ln\u00ed knihovn\u011b N\u00e1rodn\u00edho \u00fastavu lidov\u00e9 kultury.\n<br \/><em>Aktualizace: 30. 7. 2021, 20:23<\/em><br \/>\u00a0<\/li>\n<li><strong><a href=\"https:\/\/slovnik.juls.savba.sk\/?d=priezviska\" id=\"link-1626\" class=\"track_this_link \" rel=\"noopener noreferrer nofollow\" target=\"_blank\">Vyhled\u00e1n\u00ed p\u0159\u00edjmen\u00ed a&nbsp;obc\u00ed na&nbsp;Slovensku (stav 1998)<\/a><\/strong>\n<br \/>Slovn\u00edkov\u00fd port\u00e1l Jazykovedn\u00e9ho \u00fastavu \u013d. \u0160t\u00fara SAV - &quot;Datab\u00e1za priezvisk na Slovensku vytvoren\u00e1 z publik\u00e1cie P. \u010eur\u010da a kol.: Datab\u00e1za vlastn\u00fdch mien a n\u00e1zvov lokal\u00edt na Slovensku z r. 1998&quot;. Jde o textov\u011b \u0159e\u0161en\u00e9 &quot;kdejsme&quot; podle dat z roku 1998. Slovn\u00edkov\u00fd port\u00e1l obsahuje i dal\u0161\u00ed praktick\u00e9 hled\u00e1n\u00ed nap\u0159\u00edklad v &quot;N\u00e1zvy obc\u00ed Slovenskej republiky (V\u00fdvin v rokoch 1773 \u2013 1997)&quot;.\n<br \/><em>Aktualizace: 15. 5. 2020, 16:44<\/em><br \/>\u00a0<\/li>\n\t<\/ul>\n<\/div><!-- Div End Category -->\n<script type='text\/javascript'>\njQuery(document).ready(function()\n{\njQuery('.arrow-up').hide();\njQuery('#linklist1 a.track_this_link').click(function() {\nlinkid = this.id;\nlinkid = linkid.substring(5);\npath = '';\njQuery.ajax( {    type: 'POST',    url: 'https:\/\/www.neznamo.cz\/genealogie\/wp-admin\/admin-ajax.php',     data: { action: 'link_library_tracker',             _ajax_nonce: '6cad1d22fc',             id:linkid, xpath:path }     });\nreturn true;\n});\njQuery('#linklist1 .expandlinks').click(function() {\ntarget = '.' + jQuery(this).attr('id');\nsubcattarget = '.' + jQuery(this).attr('data-subcat');\nif ( jQuery( target ).is(':visible') ) {\njQuery(target).slideUp();\njQuery(subcattarget).slideToggle();\njQuery(this).children('img').attr('src', 'https:\/\/www.neznamo.cz\/genealogie\/wp-content\/plugins\/link-library\/icons\/expand-32.png');\n} else {\njQuery(target).slideDown();\njQuery(subcattarget).slideToggle();\njQuery(this).children('img').attr('src', 'https:\/\/www.neznamo.cz\/genealogie\/wp-content\/plugins\/link-library\/icons\/collapse-32.png');\n}\n});\njQuery('#linklist1 .linklistcatclass').click(function() {\njQuery(this).siblings('.expandlinks').click();\n});\njQuery('#linklist1 .linklistcatnamedesc').click(function() {\njQuery(this).siblings('.expandlinks').click();\n});\n});\n<\/script>\n<\/div><!-- Div Linklist -->\n<!-- End of Link Library Output -->\n\n\n","protected":false},"excerpt":{"rendered":"","protected":false},"author":1,"featured_media":0,"parent":0,"menu_order":0,"comment_status":"closed","ping_status":"closed","template":"","meta":{"footnotes":""},"class_list":["post-225","page","type-page","status-publish","hentry"],"featured_image_urls_v2":{"full":"","thumbnail":"","medium":"","medium_large":"","large":"","1536x1536":"","2048x2048":"","twentyseventeen-featured-image":"","twentyseventeen-thumbnail-avatar":""},"post_excerpt_stackable_v2":"<p>AKON &#8211; Ansichtskarten Online Historick\u00e9 fotografie a&nbsp;pohlednice r\u016fzn\u00fdch m\u00edst z&nbsp;cel\u00e9ho sv\u011bta, v\u010detn\u011b \u010cR a&nbsp;SR zve\u0159ej\u0148uje \u00d6sterreichischen Nationalbibliothek. Navigace pomoc\u00ed snadno obsluhovateln\u00e9 mapy. Aktualizace: 4.&nbsp;8.&nbsp;2019, 0:22\u00a0 Digit\u00e1lna kni\u017enica SNK Slovensk\u00e1 n\u00e1rodn\u00e1 kni\u017enica u\u017e m\u00e1 tak\u00e9 digit\u00e1ln\u00ed knihovnu a&nbsp;douf\u00e1m, \u017ee se po\u010det titul\u016f bude rychle zvy\u0161ovat. Snad se bude hodit pro hled\u00e1n\u00ed p\u0159edk\u016f na&nbsp;Slovensku. Aktualizace: 26.&nbsp;11.&nbsp;2020, 22:07\u00a0 Genealogy Slovakia &#8211; Tourist Guide &#8211; Archive Researcher Anglickojazy\u010dn\u00e9 str\u00e1nky, kter\u00e9 pomohou hledat p\u0159edky i&nbsp;p\u0159\u00edbuzn\u00e9 na&nbsp;Slovensku. Ka\u017ed\u00e1 obec m\u00e1 str\u00e1nku se seznamem p\u0159\u00edjmen\u00ed z&nbsp;telefonn\u00edho seznamu z&nbsp;roku 2005, ze&nbsp;s\u010d\u00edt\u00e1n\u00ed 1715 a&nbsp;pak&hellip;<\/p>\n","category_list_v2":"","author_info_v2":{"name":"Monika","url":"https:\/\/www.neznamo.cz\/genealogie\/author\/monika\/"},"comments_num_v2":"0 comments","_links":{"self":[{"href":"https:\/\/www.neznamo.cz\/genealogie\/wp-json\/wp\/v2\/pages\/225","targetHints":{"allow":["GET"]}}],"collection":[{"href":"https:\/\/www.neznamo.cz\/genealogie\/wp-json\/wp\/v2\/pages"}],"about":[{"href":"https:\/\/www.neznamo.cz\/genealogie\/wp-json\/wp\/v2\/types\/page"}],"author":[{"embeddable":true,"href":"https:\/\/www.neznamo.cz\/genealogie\/wp-json\/wp\/v2\/users\/1"}],"replies":[{"embeddable":true,"href":"https:\/\/www.neznamo.cz\/genealogie\/wp-json\/wp\/v2\/comments?post=225"}],"version-history":[{"count":0,"href":"https:\/\/www.neznamo.cz\/genealogie\/wp-json\/wp\/v2\/pages\/225\/revisions"}],"wp:attachment":[{"href":"https:\/\/www.neznamo.cz\/genealogie\/wp-json\/wp\/v2\/media?parent=225"}],"curies":[{"name":"wp","href":"https:\/\/api.w.org\/{rel}","templated":true}]}}