{"id":177,"date":"2019-07-28T01:23:35","date_gmt":"2019-07-27T23:23:35","guid":{"rendered":"https:\/\/www.neznamo.cz\/genealogie\/?page_id=177"},"modified":"2019-07-28T01:23:35","modified_gmt":"2019-07-27T23:23:35","slug":"odkazy-slovniky","status":"publish","type":"page","link":"https:\/\/www.neznamo.cz\/genealogie\/odkazy-slovniky\/","title":{"rendered":"Slovn\u00edky"},"content":{"rendered":"<!-- Beginning of Link Library Output --><div id='linklist1' class='linklist'><!-- Div Linklist -->\n<div class=\"LinkLibraryCat LinkLibraryCat10 level0\"><!-- Div Category -->\n\t<ul>\n<li><strong><a href=\"https:\/\/rodopisci.cz\/genealogicky-slovnik\/\" id=\"link-2520\" class=\"track_this_link  featured\" rel=\"noopener noreferrer nofollow\" target=\"_blank\">Latinsko-n\u011bmecko-\u010desk\u00fd slovn\u00edk genealogick\u00fdch v\u00fdraz\u016f<\/a><\/strong>\n<br \/>Slovn\u00edk umo\u017enuje jednodu\u0161e vyhled\u00e1vat r\u016fzn\u00e1 \u0159emesla, p\u0159\u00ed\u010diny \u00famrt\u00ed a dal\u0161\u00ed pojmy. Slovn\u00edk je pr\u016fb\u011b\u017en\u011b dopl\u0148ov\u00e1n a revidov\u00e1n. Lze vyhled\u00e1vat v cel\u00e9m slovn\u00edku bez ohledu na jazyk a kategorii, nebo lze hledat nap\u0159\u00edklad pouze povol\u00e1n\u00ed v konkr\u00e9tn\u00edm jazyce. Obsahuje tak\u00e9 samostatnou \u010d\u00e1st &quot;Slovn\u00edk zkratek&quot; \u2013 najdete jej v menu pod polo\u017ekou &quot;Badatelna&quot; (zde se d\u00e1 p\u0159ep\u00ednat z jednoho slovn\u00edku na druh\u00fd).\n<br \/><em>Aktualizace: 10. 2. 2024, 20:11<\/em><br \/>\u00a0<\/li>\n<li><strong><a href=\"http:\/\/latinsky-slovnik.latinsky.cz\/\" id=\"link-1649\" class=\"track_this_link  featured\" rel=\"noopener noreferrer nofollow\" target=\"_blank\">Latinsk\u00fd slovn\u00edk online<\/a><\/strong>\n<br \/>Latinsk\u00fd slovn\u00edk na latinsky.cz je pr\u00fd velmi dobr\u00fd, podle n\u011bkter\u00fdch dokonce nejlep\u0161\u00ed. Do formul\u00e1\u0159e se zap\u00ed\u0161e t\u0159eba jen \u010d\u00e1st latinsk\u00e9ho nebo \u010desk\u00e9ho slova a objev\u00ed se p\u0159eklad nebo v\u00edce mo\u017enost\u00ed p\u0159ekladu.\n<br \/><em>Aktualizace: 23. 11. 2020, 23:09<\/em><br \/>\u00a0<\/li>\n<li><strong><a href=\"http:\/\/genealogie.nka.cz\/?page_id=218\" id=\"link-437\" class=\"track_this_link  featured\" rel=\"noopener noreferrer nofollow\" target=\"_blank\">N\u00e1zvy m\u011bs\u00edc\u016f<\/a><\/strong>\n<br \/>Praktick\u00fd slovn\u00edk na genealogie.nka latinsk\u00fdch a staron\u011bmeck\u00fdch n\u00e1zv\u016f m\u011bs\u00edc\u016f v\u010detn\u011b ne moc \u010dasto v\u00eddan\u00fdch.\n<br \/><em>Aktualizace: 2. 8. 2019, 5:11<\/em><br \/>\u00a0<\/li>\n<li><strong><a href=\"http:\/\/genealogie.nka.cz\/?page_id=216\" id=\"link-181\" class=\"track_this_link  featured\" rel=\"noopener noreferrer nofollow\" target=\"_blank\">Slovn\u00edky na&nbsp;Geneologie.nka<\/a><\/strong>\n<br \/>Rozs\u00e1hl\u00e9 latinsk\u00e9 a n\u011bmeck\u00e9 genealogick\u00e9 slovn\u00edky na Geneologie.nka.cz. D\u00e1v\u00e1m odkaz na latinsko-\u010desk\u00fd slovn\u00edk.\n<br \/><em>Aktualizace: 30. 7. 2019, 20:09<\/em><br \/>\u00a0<\/li>\n<li><strong><a href=\"http:\/\/genealogie.nka.cz\/?page_id=618\" id=\"link-439\" class=\"track_this_link  featured\" rel=\"noopener noreferrer nofollow\" target=\"_blank\">Zkratky v&nbsp;archiv\u00e1li\u00edch<\/a><\/strong>\n<br \/>R\u016fzn\u00e9 zkratky v \u010de\u0161tin\u011b i latin\u011b v\u010detn\u011b m\u011br, vah, pen\u011bz apod. n\u011bkter\u00e9 i s obr\u00e1zky jejich podob z archiv\u00e1li\u00ed na genealogie.nka. Velmi praktick\u00e9.\n<br \/><em>Aktualizace: 2. 8. 2019, 5:15<\/em><br \/>\u00a0<\/li>\n<li><strong><a href=\"http:\/\/kott.ujc.cas.cz\/\" id=\"link-534\" class=\"track_this_link \" rel=\"noopener noreferrer nofollow\" target=\"_blank\">\u010cesko &#8211; n\u011bmeck\u00fd slovn\u00edk Fr. \u0160t. Kotta<\/a><\/strong>\n<br \/>Zve\u0159ejnil \u00dastav pro jazyk \u010desk\u00fd Akademie v\u011bd \u010cR.\n<br \/><em>Aktualizace: 15. 1. 2020, 21:36<\/em><br \/>\u00a0<\/li>\n<li><strong><a href=\"http:\/\/genedict.net\/\" id=\"link-277\" class=\"track_this_link \" rel=\"noopener noreferrer nofollow\" target=\"_blank\">Genedict<\/a><\/strong>\n<br \/>Genealogick\u00fd slovn\u00edk latinsk\u00fd a n\u011bmeck\u00fd s p\u0159ekladem do sloven\u0161tiny a ma\u010far\u0161tiny.\n<br \/><em>Aktualizace: 28. 7. 2019, 5:34<\/em><br \/>\u00a0<\/li>\n<li><strong><a href=\"http:\/\/genealogie.nka.cz\/?page_id=261\" id=\"link-438\" class=\"track_this_link \" rel=\"noopener noreferrer nofollow\" target=\"_blank\">Jm\u00e9na v&nbsp;matrik\u00e1ch<\/a><\/strong>\n<br \/>Na genealogie.nka lze naj\u00edt i praktick\u00fd \u010desko-latinsko-n\u011bmeck\u00fd slovn\u00ed\u010dek k\u0159estn\u00edch jmen.\n<br \/><em>Aktualizace: 2. 8. 2019, 5:12<\/em><br \/>\u00a0<\/li>\n<li><strong><a href=\"http:\/\/www.genealogy.ro\/dictionary\/\" id=\"link-1648\" class=\"track_this_link \" rel=\"noopener noreferrer nofollow\" target=\"_blank\">Latinsko-anglick\u00fd a&nbsp;ma\u010farsko-anglick\u00fd slovn\u00edk pro genealogy<\/a><\/strong>\n<br \/>Dva velmi praktick\u00e9 slovn\u00edky pro genealogy jsou na genealogick\u00e9m webu genealogy.ro.\n<br \/><em>Aktualizace: 21. 6. 2020, 17:55<\/em><br \/>\u00a0<\/li>\n<li><strong><a href=\"http:\/\/www.paichl.cz\/knihy\/SL-LACS0.htm\" id=\"link-433\" class=\"track_this_link \" rel=\"noopener noreferrer nofollow\" target=\"_blank\">Latinsko-\u010desk\u00fd slovn\u00edk \u0159emesel, slu\u017eeb, \u00fa\u0159ad\u016f<\/a><\/strong>\n<br \/>Praktick\u00fd slovn\u00edk na str\u00e1nce Doc. MUDr. P\u0159emysla Paichla, CSc.\n<br \/><em>Aktualizace: 2. 8. 2019, 4:40<\/em><br \/>\u00a0<\/li>\n<li><strong><a href=\"https:\/\/is.muni.cz\/el\/1421\/podzim2012\/PV1A12\/um\/Maly_starocesky_slovnik.pdf\" id=\"link-1374\" class=\"track_this_link \" rel=\"noopener noreferrer nofollow\" target=\"_blank\">Mal\u00fd staro\u010desk\u00fd slovn\u00edk<\/a><\/strong>\n<br \/>Jarom\u00edr B\u011bli\u010d, Adolf Kami\u0161, Karel Ku\u010dera, St\u00e1tn\u00ed pedagogick\u00e9 nakladatelstv\u00ed, 1978. V PDF na webu Masarykovy univerzity.\n<br \/><em>Aktualizace: 1. 11. 2019, 19:57<\/em><br \/>\u00a0<\/li>\n<li><strong><a href=\"https:\/\/www.mesto-most.cz\/hornicky-slovnik-aneb-kdyz-se-rekne\/d-40187\" id=\"link-2227\" class=\"track_this_link \" rel=\"noopener noreferrer nofollow\" target=\"_blank\">Most &#8211; Hornick\u00fd slovn\u00edk<\/a><\/strong>\n<br \/>Hornick\u00fd slovn\u00edk na webu m\u011bsta Most. P\u016fjde o sou\u010dasn\u00e9 \u010di alespo\u0148 ned\u00e1vn\u00e9 v\u00fdrazy. V d\u00e1vn\u011bj\u0161\u00ed minulosti nemuseli n\u011bkter\u00e9 zn\u00e1t (nap\u0159. vejt\u0159aska t\u0159eba v 19. stolet\u00ed neexistovala), n\u011bkter\u00e9 mohly ozna\u010dovat n\u011bco trochu jin\u00e9ho (co bylo v r\u016fb\u011bhu doby modernizov\u00e1no) a naopak mohli m\u00edt d\u0159\u00edve i n\u011bjak\u00e9 jin\u00e9 v\u00fdrazy. P\u0159esto je to , mysl\u00edm, i pro n\u00e1s zaj\u00edmav\u00e9.\n<br \/><em>Aktualizace: 27. 5. 2022, 23:30<\/em><br \/>\u00a0<\/li>\n<li><strong><a href=\"https:\/\/www.rodokmen.com\/?include=pomocnik&#038;nazov=mesiace\" id=\"link-861\" class=\"track_this_link \" rel=\"noopener noreferrer nofollow\" target=\"_blank\">N\u00e1zvy mesiacov v&nbsp;r\u00f4znych jazykoch<\/a><\/strong>\n<br \/>Velmi praktick\u00e9 hlavn\u011b pro hled\u00e1n\u00ed na Slovensku a v Ma\u010farsku, proto\u017ee zde najdete tyto jazyky: sloven\u010dina, cirkevn\u00e9 datovanie (ma\u010f.), ma\u010far\u010dina, angli\u010dtina, nem\u010dina, \u010de\u0161tina, latin\u010dina a na konci je vysv\u011btlen\u00ed, podle \u010deho byl m\u011bs\u00edc pojmenov\u00e1n.\n<br \/><em>Aktualizace: 13. 8. 2019, 0:34<\/em><br \/>\u00a0<\/li>\n<li><strong><a href=\"http:\/\/www.genea.cz\/informace\/slovnicky\/nejcastejsi-priciny-umrti\/\" id=\"link-188\" class=\"track_this_link \" rel=\"noopener noreferrer nofollow\" target=\"_blank\">Nej\u010dast\u011bj\u0161\u00ed p\u0159\u00ed\u010diny \u00famrt\u00ed<\/a><\/strong>\n<br \/>Z\u00e1kladn\u00ed slovn\u00edk nemoc\u00ed a p\u0159\u00ed\u010din \u00famrt\u00ed abecedn\u011b \u0159azen\u00fdch v latin\u011b i n\u011bm\u010din\u011b na jedn\u00e9 str\u00e1nce. Praktick\u00e1 pom\u016fcka ze str\u00e1nek Genea.\n<br \/><em>Aktualizace: 28. 7. 2019, 2:11<\/em><br \/>\u00a0<\/li>\n<li><strong><a href=\"https:\/\/archive.org\/details\/prehled_ceskych_jmen_krestnich\/page\/n1\" id=\"link-1465\" class=\"track_this_link \" rel=\"noopener noreferrer nofollow\" target=\"_blank\">P\u0159ehled \u010desk\u00fdch k\u0159estn\u00edch jmen<\/a><\/strong>\n<br \/>Autor Anton\u00edn Brousil, n\u00e1kladem D\u011bdictv\u00ed sv. Jana Nepomuck\u00e9ho, Praha 1934. Dostupn\u00e9 v r\u016fzn\u00fdch form\u00e1tech v\u010detn\u011b ePub, Kindle, PDF.\n<br \/><em>Aktualizace: 18. 12. 2019, 15:51<\/em><br \/>\u00a0<\/li>\n<li><strong><a href=\"http:\/\/genealogie.nka.cz\/?page_id=1036\" id=\"link-436\" class=\"track_this_link \" rel=\"noopener noreferrer nofollow\" target=\"_blank\">P\u0159\u00ed\u010diny \u00famrt\u00ed<\/a><\/strong>\n<br \/>Slovn\u00edk na genealogie.nka.\n<br \/><em>Aktualizace: 2. 8. 2019, 5:10<\/em><br \/>\u00a0<\/li>\n<li><strong><a href=\"https:\/\/poosch.sk\/priciny-umrti.html\" id=\"link-2485\" class=\"track_this_link \" rel=\"noopener noreferrer nofollow\" target=\"_blank\">Pr\u00ed\u010diny \u00famrti v&nbsp;smrtn\u00fdch matrik\u00e1ch<\/a><\/strong>\n<br \/>Slovn\u00ed\u010dek p\u0159\u00ed\u010din \u00famrt\u00ed ve sloven\u0161tin\u011b, ma\u010far\u0161tin\u011b a latin\u011b.\n<br \/><em>Aktualizace: 11. 11. 2023, 14:07<\/em><br \/>\u00a0<\/li>\n<li><strong><a href=\"https:\/\/psjc.ujc.cas.cz\/search.php\" id=\"link-1690\" class=\"track_this_link \" rel=\"noopener noreferrer nofollow\" target=\"_blank\">P\u0159\u00edru\u010dn\u00ed slovn\u00edk jazyka \u010desk\u00e9ho (1935\u20131957) a&nbsp;Kartot\u00e9ka lexik\u00e1ln\u00edho archivu (1911\u20131991)<\/a><\/strong>\n<br \/>P\u0159\u00edru\u010dn\u00ed slovn\u00edk jazyka \u010desk\u00e9ho (1935\u20131957) a Kartot\u00e9ka lexik\u00e1ln\u00edho archivu (1911\u20131991) na str\u00e1nk\u00e1ch UJ\u010c AV se hod\u00ed pro zji\u0161t\u011bn\u00ed, jak se kter\u00e9 slovo psalo v uveden\u00e9 dob\u011b. V datab\u00e1zi lze hledat sou\u010dasn\u011b v obou materi\u00e1lech nebo pouze v jednom z nich.\n<br \/><em>Aktualizace: 2. 9. 2020, 18:42<\/em><br \/>\u00a0<\/li>\n<li><strong><a href=\"http:\/\/www.paichl.cz\/knihy\/REM-AZ.htm\" id=\"link-434\" class=\"track_this_link \" rel=\"noopener noreferrer nofollow\" target=\"_blank\">\u0158emesla, slu\u017eby a&nbsp;zam\u011bstn\u00e1n\u00ed<\/a><\/strong>\n<br \/>\u010cesko-latinsk\u00fd seznam se za\u010d\u00e1tky \u0159emesel v Plzni na str\u00e1nce Doc. MUDr. P\u0159emysla Paichla, CSc.\n<br \/><em>Aktualizace: 2. 8. 2019, 4:41<\/em><br \/>\u00a0<\/li>\n<li><strong><a href=\"https:\/\/sncj.ujc.cas.cz\/\" id=\"link-411\" class=\"track_this_link \" rel=\"noopener noreferrer nofollow\" target=\"_blank\">Slovn\u00edk n\u00e1\u0159e\u010d\u00ed \u010desk\u00e9ho jazyka<\/a><\/strong>\n<br \/>Slovn\u00edk zve\u0159ejnilo Dialektologick\u00e9 odd\u011blen\u00ed \u00dastavu pro jazyk \u010desk\u00fd AV \u010cR v Brn\u011b. Bohu\u017eel obsahuje hesla A a\u017e \u010c. Lze listovat nebo vyhled\u00e1vat.\n<br \/><em>Aktualizace: 3. 8. 2019, 8:10<\/em><br \/>\u00a0<\/li>\n<li><strong><a href=\"http:\/\/wiki-de.genealogy.net\/Verlustlisten_Erster_Weltkrieg\/Dienstgrad\" id=\"link-402\" class=\"track_this_link \" rel=\"noopener noreferrer nofollow\" target=\"_blank\">Slovn\u00edk n\u011bmeck\u00fdch zkratek ze&nbsp;seznamu ztr\u00e1t<\/a><\/strong>\n<br \/>Verlustlisten Erster Weltkrieg \/ Dienstgrad. I. sv\u011btov\u00e1 v\u00e1lka. Pozor, t\u00fdk\u00e1 se N\u011bmecka, ale rakousk\u00e9 pojmy se moc neli\u0161\u00ed.\n<br \/><em>Aktualizace: 31. 7. 2019, 4:28<\/em><br \/>\u00a0<\/li>\n<li><strong><a href=\"https:\/\/bara.ujc.cas.cz\/ssjc\/search.php?db=ssjc\" id=\"link-638\" class=\"track_this_link \" rel=\"noopener noreferrer nofollow\" target=\"_blank\">Slovn\u00edk spisovn\u00e9ho jazyka \u010desk\u00e9ho<\/a><\/strong>\n<br \/>N\u011bkdy se hod\u00ed i tento z\u00e1kladn\u00ed slovn\u00edk \u010de\u0161tiny ze str\u00e1nek \u00dastavu pro jazyk \u010desk\u00fd.\n<br \/><em>Aktualizace: 29. 11. 2019, 19:22<\/em><br \/>\u00a0<\/li>\n<li><strong><a href=\"http:\/\/lb.ics.cas.cz\/\" id=\"link-1748\" class=\"track_this_link \" rel=\"noopener noreferrer nofollow\" target=\"_blank\">Slovn\u00edk st\u0159edov\u011bk\u00e9 latiny v&nbsp;\u010desk\u00fdch zem\u00edch<\/a><\/strong>\n<br \/>Slovn\u00edk st\u0159edov\u011bk\u00e9 latiny v \u010desk\u00fdch zem\u00edch: elektronick\u00e1 verze 2.0, Praha: Filosofick\u00fd \u00fastav AV \u010cR, v. v. i., 2019. Slovn\u00edk je sp\u00ed\u0161e v\u00fdkladov\u00fd a jist\u011b jej ocen\u00ed ti z n\u00e1s, kte\u0159\u00ed se text\u016fm v\u011bnuj\u00ed v\u00edce do hloubky.\n<br \/><em>Aktualizace: 5. 1. 2021, 22:01<\/em><br \/>\u00a0<\/li>\n<li><strong><a href=\"http:\/\/wiki-de.genealogy.net\/Milit%C3%A4r\/Formationsgeschichte\/Abk%C3%BCrzungen\" id=\"link-401\" class=\"track_this_link \" rel=\"noopener noreferrer nofollow\" target=\"_blank\">Slovn\u00edk vojensk\u00fdch zkratek v&nbsp;n\u011bm\u010din\u011b<\/a><\/strong>\n<br \/>Milit\u00e4r \/ Formationsgeschichte \/ Abk\u00fcrzungen. Pozor, t\u00fdk\u00e1 se N\u011bmecka, ale rakousk\u00e9 pojmy se moc neli\u0161\u00ed.\n<br \/><em>Aktualizace: 31. 7. 2019, 4:28<\/em><br \/>\u00a0<\/li>\n<li><strong><a href=\"http:\/\/www.rodopis.sk\/tipy-a-rady\/slovnik-zamestnani-a-funkcii\" id=\"link-664\" class=\"track_this_link \" rel=\"noopener noreferrer nofollow\" target=\"_blank\">Slovn\u00edk zamestnan\u00ed a&nbsp;funkci\u00ed<\/a><\/strong>\n<br \/>Ma\u010farsko slovensk\u00fd slovn\u00edk na slovensk\u00e9m Rodopisu.\n<br \/><em>Aktualizace: 8. 8. 2019, 4:18<\/em><br \/>\u00a0<\/li>\n<li><strong><a href=\"https:\/\/ornatowski.com\/tlumaczenie-tekstu\/slownik-lacinsko-polski\/\" id=\"link-863\" class=\"track_this_link \" rel=\"noopener noreferrer nofollow\" target=\"_blank\">S\u0142ownik \u0142aci\u0144sko-polski<\/a><\/strong>\n<br \/>Z\u00e1kladn\u00ed slovn\u00edk na webu Ornatowski.com.\n<br \/><em>Aktualizace: 13. 8. 2019, 2:21<\/em><br \/>\u00a0<\/li>\n<li><strong><a href=\"https:\/\/ornatowski.com\/tlumaczenie-tekstu\/slownik-lacinsko-polski-imion\/\" id=\"link-865\" class=\"track_this_link \" rel=\"noopener noreferrer nofollow\" target=\"_blank\">S\u0142ownik \u0142aci\u0144sko-polski imion<\/a><\/strong>\n<br \/>Latinsko-polsk\u00fd slovn\u00edk jmen by se mohl hodit i u n\u00e1s. Na webu Ornatowski.com.\n<br \/><em>Aktualizace: 13. 8. 2019, 2:26<\/em><br \/>\u00a0<\/li>\n<li><strong><a href=\"https:\/\/ornatowski.com\/genealogia\/poradniki\/slownik-lacinsko-polski-medycyna\/\" id=\"link-866\" class=\"track_this_link \" rel=\"noopener noreferrer nofollow\" target=\"_blank\">S\u0142ownik \u0142aci\u0144sko-polski medycyna<\/a><\/strong>\n<br \/>Latinsko-polsk\u00fd slovn\u00edk z oblasti l\u00e9ka\u0159stv\u00ed. Mohl by se hodit i u n\u00e1s. Na webu Ornatowski.com.\n<br \/><em>Aktualizace: 13. 8. 2019, 2:28<\/em><br \/>\u00a0<\/li>\n<li><strong><a href=\"https:\/\/rebus.us.edu.pl\/bitstream\/20.500.12128\/6461\/1\/Luc_Slownik_nazwisk_mieszkancow_poludniowego.pdf\" id=\"link-1640\" class=\"track_this_link \" rel=\"noopener noreferrer nofollow\" target=\"_blank\">S\u0142ownik nazwisk mieszka\u0144c\u00f3w po\u0142udniowego \u015al\u0105ska XIX wieku<\/a><\/strong>\n<br \/>Autorka: \u0141uc Izabela, n\u00e1kladem Wydawnictwo Uniwersytetu \u015al\u0105skiego, Katowice 2016. Slovn\u00edk uv\u00e1d\u00ed v\u00fdskyt p\u0159\u00edjmen\u00ed na jihu Slezska (zahrnuje T\u011b\u0161\u00ednsko) v 19. stolet\u00ed a u n\u011bkter\u00fdch i jejich p\u016fvod nebo v\u00fdznam. Vysv\u011btlen\u00ed zkratek je na za\u010d\u00e1tku slovn\u00edku. Dostupn\u00e9 v pol\u0161tin\u011b v PDF.\n<br \/><em>Aktualizace: 2. 6. 2020, 18:48<\/em><br \/>\u00a0<\/li>\n<li><strong><a href=\"http:\/\/genepedia.pl\/index.php?title=S%C5%82ownik_zawod%C3%B3w_%C5%82ac.-pol\" id=\"link-924\" class=\"track_this_link \" rel=\"noopener noreferrer nofollow\" target=\"_blank\">S\u0142ownik zawod\u00f3w \u0142ac.-pol<\/a><\/strong>\n<br \/>Obejmuje zawody i statusy spo\u0142eczne.\n<br \/><em>Aktualizace: 29. 11. 2019, 19:23<\/em><br \/>\u00a0<\/li>\n<li><strong><a href=\"https:\/\/encyklopedie.soc.cas.cz\/\" id=\"link-1977\" class=\"track_this_link \" rel=\"noopener noreferrer nofollow\" target=\"_blank\">Sociologick\u00e1 encyklopedie<\/a><\/strong>\n<br \/>V Sociologick\u00e9 encyklopedii Sociologick\u00e9ho \u00fastavu AV \u010cR se najde vysv\u011btlen\u00fdch i pom\u011brn\u011b dost pojm\u016f, kter\u00e9 n\u00e1s zaj\u00edmaj\u00ed z hlediska ob\u010dansk\u00e9 genealogie.\n<br \/><em>Aktualizace: 22. 7. 2021, 18:29<\/em><br \/>\u00a0<\/li>\n<li><strong><a href=\"http:\/\/web.archive.org\/web\/20180710014727\/http:\/\/www.stankiewicze.com\/index.php?kat=44&#038;sub=530\" id=\"link-457\" class=\"track_this_link \" rel=\"noopener noreferrer nofollow\" target=\"_blank\">Stankiewicze &#8211; Etymologia nazwisk<\/a><\/strong>\n<br \/>Rozs\u00e1hl\u00fd web v pol\u0161tin\u011b se z\u00e1plavou velmi praktick\u00fdch informac\u00ed. Nej\u010dast\u011bji pou\u017e\u00edv\u00e1m pr\u00e1v\u011b str\u00e1nky s v\u00fdznamem a vznikem p\u0159\u00edjmen\u00ed, proto\u017ee v pol\u0161tin\u011b i v \u010de\u0161tin\u011b lze naj\u00edt podobn\u00e1 p\u0159\u00edjmen\u00ed s podobn\u00fdm v\u00fdznamem. Web byl bohu\u017eel napaden a pozd\u011bji ji\u017e z\u0159ejm\u011b nebyl zprovozn\u011bn. Zde je odkaz na zrcadlo posledn\u00ed funk\u010dn\u00ed verze na web.archive.org.\n<br \/><em>Aktualizace: 3. 8. 2019, 4:35<\/em><br \/>\u00a0<\/li>\n<li><strong><a href=\"http:\/\/relativelycurious.com\/wp-content\/uploads\/2015\/06\/WordsLanguages1.pdf\" id=\"link-599\" class=\"track_this_link \" rel=\"noopener noreferrer nofollow\" target=\"_blank\">V\u00edcejazy\u010dn\u00fd genealogick\u00fd slovn\u00edk 1<\/a><\/strong>\n<br \/>Slovn\u00edk pro genealogii v PDF obsahuje z\u00e1kladn\u00ed v\u00fdrazy v mnoha jazyc\u00edch, z\u00e1kladem je angli\u010dtina. D\u00edl 1 obsahuje \u010de\u0161tinu, pol\u0161tinu, n\u011bm\u010dinu, d\u00e1n\u0161tinu, ital\u0161tinu, francouz\u0161tinu, \u0161pan\u011bl\u0161tinu.\n<br \/><em>Aktualizace: 5. 8. 2019, 19:04<\/em><br \/>\u00a0<\/li>\n<li><strong><a href=\"http:\/\/relativelycurious.com\/wp-content\/uploads\/2015\/06\/WordsLanguages2.pdf\" id=\"link-600\" class=\"track_this_link \" rel=\"noopener noreferrer nofollow\" target=\"_blank\">V\u00edcejazy\u010dn\u00fd genealogick\u00fd slovn\u00edk 2<\/a><\/strong>\n<br \/>Slovn\u00edk pro genealogii v PDF obsahuje z\u00e1kladn\u00ed v\u00fdrazy v mnoha jazyc\u00edch, z\u00e1kladem je angli\u010dtina. D\u00edl 2 obsahuje latinu, ma\u010far\u0161tinu, afrik\u00e1n\u0161tinu, fin\u0161tinu, nor\u0161tinu, portugal\u0161tinu, \u0161v\u00e9d\u0161tinu.\n<br \/><em>Aktualizace: 5. 8. 2019, 19:04<\/em><br \/>\u00a0<\/li>\n<li><strong><a href=\"http:\/\/www.slovnik.cz\/\" id=\"link-535\" class=\"track_this_link \" rel=\"noopener noreferrer nofollow\" target=\"_blank\">V\u00edcejazy\u010dn\u00fd slovn\u00edk<\/a><\/strong>\n<br \/>P\u0159ekl\u00e1d\u00e1 \u010de\u0161tinu z a do t\u011bchto jazyk\u016f: anglick\u00fd, n\u011bmeck\u00fd, francouzsk\u00fd, italsk\u00fd, \u0161pan\u011blsk\u00fd, rusk\u00fd, latinsk\u00fd, esperantsk\u00fd. Nej\u010dast\u011bji pou\u017e\u00edv\u00e1m latinu a pak n\u011bm\u010dinu.\n<br \/><em>Aktualizace: 4. 8. 2019, 2:30<\/em><br \/>\u00a0<\/li>\n<li><strong><a href=\"https:\/\/vokabular.ujc.cas.cz\/\" id=\"link-201\" class=\"track_this_link \" rel=\"noopener noreferrer nofollow\" target=\"_blank\">Vokabul\u00e1\u0159 webov\u00fd<\/a><\/strong>\n<br \/>Centrum star\u00e9 \u010de\u0161tiny spravovan\u00e9 odd\u011blen\u00edm v\u00fdvoje jazyka \u00dastavu pro jazyk \u010desk\u00fd AV \u010cR (\u00daJ\u010c). Pro hled\u00e1n\u00ed v\u00fdznamu staro\u010desk\u00e9ho slova je pohodln\u00e9 pou\u017e\u00edt vyhled\u00e1v\u00e1n\u00ed ve Slovn\u00edc\u00edch star\u00e9 \u010de\u0161tiny.\n<br \/><em>Aktualizace: 28. 7. 2019, 3:13<\/em><br \/>\u00a0<\/li>\n<li><strong><a href=\"https:\/\/slovnik.juls.savba.sk\/?d=priezviska\" id=\"link-1626\" class=\"track_this_link \" rel=\"noopener noreferrer nofollow\" target=\"_blank\">Vyhled\u00e1n\u00ed p\u0159\u00edjmen\u00ed a&nbsp;obc\u00ed na&nbsp;Slovensku (stav 1998)<\/a><\/strong>\n<br \/>Slovn\u00edkov\u00fd port\u00e1l Jazykovedn\u00e9ho \u00fastavu \u013d. \u0160t\u00fara SAV - &quot;Datab\u00e1za priezvisk na Slovensku vytvoren\u00e1 z publik\u00e1cie P. \u010eur\u010da a kol.: Datab\u00e1za vlastn\u00fdch mien a n\u00e1zvov lokal\u00edt na Slovensku z r. 1998&quot;. Jde o textov\u011b \u0159e\u0161en\u00e9 &quot;kdejsme&quot; podle dat z roku 1998. Slovn\u00edkov\u00fd port\u00e1l obsahuje i dal\u0161\u00ed praktick\u00e9 hled\u00e1n\u00ed nap\u0159\u00edklad v &quot;N\u00e1zvy obc\u00ed Slovenskej republiky (V\u00fdvin v rokoch 1773 \u2013 1997)&quot;.\n<br \/><em>Aktualizace: 15. 5. 2020, 16:44<\/em><br \/>\u00a0<\/li>\n\t<\/ul>\n<\/div><!-- Div End Category -->\n<script type='text\/javascript'>\njQuery(document).ready(function()\n{\njQuery('.arrow-up').hide();\njQuery('#linklist1 a.track_this_link').click(function() {\nlinkid = this.id;\nlinkid = linkid.substring(5);\npath = '';\njQuery.ajax( {    type: 'POST',    url: 'https:\/\/www.neznamo.cz\/genealogie\/wp-admin\/admin-ajax.php',     data: { action: 'link_library_tracker',             _ajax_nonce: '196992cde3',             id:linkid, xpath:path }     });\nreturn true;\n});\njQuery('#linklist1 .expandlinks').click(function() {\ntarget = '.' + jQuery(this).attr('id');\nsubcattarget = '.' + jQuery(this).attr('data-subcat');\nif ( jQuery( target ).is(':visible') ) {\njQuery(target).slideUp();\njQuery(subcattarget).slideToggle();\njQuery(this).children('img').attr('src', 'https:\/\/www.neznamo.cz\/genealogie\/wp-content\/plugins\/link-library\/icons\/expand-32.png');\n} else {\njQuery(target).slideDown();\njQuery(subcattarget).slideToggle();\njQuery(this).children('img').attr('src', 'https:\/\/www.neznamo.cz\/genealogie\/wp-content\/plugins\/link-library\/icons\/collapse-32.png');\n}\n});\njQuery('#linklist1 .linklistcatclass').click(function() {\njQuery(this).siblings('.expandlinks').click();\n});\njQuery('#linklist1 .linklistcatnamedesc').click(function() {\njQuery(this).siblings('.expandlinks').click();\n});\n});\n<\/script>\n<\/div><!-- Div Linklist -->\n<!-- End of Link Library Output -->\n\n\n","protected":false},"excerpt":{"rendered":"","protected":false},"author":1,"featured_media":0,"parent":0,"menu_order":0,"comment_status":"closed","ping_status":"closed","template":"","meta":{"footnotes":""},"class_list":["post-177","page","type-page","status-publish","hentry"],"featured_image_urls_v2":{"full":"","thumbnail":"","medium":"","medium_large":"","large":"","1536x1536":"","2048x2048":"","twentyseventeen-featured-image":"","twentyseventeen-thumbnail-avatar":""},"post_excerpt_stackable_v2":"<p>Latinsko-n\u011bmecko-\u010desk\u00fd slovn\u00edk genealogick\u00fdch v\u00fdraz\u016f Slovn\u00edk umo\u017enuje jednodu\u0161e vyhled\u00e1vat r\u016fzn\u00e1 \u0159emesla, p\u0159\u00ed\u010diny \u00famrt\u00ed a&nbsp;dal\u0161\u00ed pojmy. Slovn\u00edk je pr\u016fb\u011b\u017en\u011b dopl\u0148ov\u00e1n a&nbsp;revidov\u00e1n. Lze vyhled\u00e1vat v&nbsp;cel\u00e9m slovn\u00edku bez ohledu na&nbsp;jazyk a&nbsp;kategorii, nebo lze hledat nap\u0159\u00edklad pouze povol\u00e1n\u00ed v&nbsp;konkr\u00e9tn\u00edm jazyce. Obsahuje tak\u00e9 samostatnou \u010d\u00e1st &quot;Slovn\u00edk zkratek&quot; \u2013 najdete jej v&nbsp;menu pod polo\u017ekou &quot;Badatelna&quot; (zde se d\u00e1 p\u0159ep\u00ednat z&nbsp;jednoho slovn\u00edku na&nbsp;druh\u00fd). Aktualizace: 10.&nbsp;2.&nbsp;2024, 20:11\u00a0 Latinsk\u00fd slovn\u00edk online Latinsk\u00fd slovn\u00edk na&nbsp;latinsky.cz je pr\u00fd velmi dobr\u00fd, podle n\u011bkter\u00fdch dokonce nejlep\u0161\u00ed. Do&nbsp;formul\u00e1\u0159e se zap\u00ed\u0161e t\u0159eba jen \u010d\u00e1st latinsk\u00e9ho nebo \u010desk\u00e9ho slova a&nbsp;objev\u00ed se p\u0159eklad nebo&hellip;<\/p>\n","category_list_v2":"","author_info_v2":{"name":"Monika","url":"https:\/\/www.neznamo.cz\/genealogie\/author\/monika\/"},"comments_num_v2":"0 comments","_links":{"self":[{"href":"https:\/\/www.neznamo.cz\/genealogie\/wp-json\/wp\/v2\/pages\/177","targetHints":{"allow":["GET"]}}],"collection":[{"href":"https:\/\/www.neznamo.cz\/genealogie\/wp-json\/wp\/v2\/pages"}],"about":[{"href":"https:\/\/www.neznamo.cz\/genealogie\/wp-json\/wp\/v2\/types\/page"}],"author":[{"embeddable":true,"href":"https:\/\/www.neznamo.cz\/genealogie\/wp-json\/wp\/v2\/users\/1"}],"replies":[{"embeddable":true,"href":"https:\/\/www.neznamo.cz\/genealogie\/wp-json\/wp\/v2\/comments?post=177"}],"version-history":[{"count":0,"href":"https:\/\/www.neznamo.cz\/genealogie\/wp-json\/wp\/v2\/pages\/177\/revisions"}],"wp:attachment":[{"href":"https:\/\/www.neznamo.cz\/genealogie\/wp-json\/wp\/v2\/media?parent=177"}],"curies":[{"name":"wp","href":"https:\/\/api.w.org\/{rel}","templated":true}]}}